{"id":1975922,"date":"2024-03-11T18:11:39","date_gmt":"2024-03-11T17:11:39","guid":{"rendered":"https:\/\/de.tilta.com\/shop\/halterung-fuer-ruecksitzmonitor-fuer-hydra-arm-mini\/"},"modified":"2025-12-05T12:25:35","modified_gmt":"2025-12-05T11:25:35","slug":"rear-seat-monitor-mounting-bracket-for-hydra-arm-mini","status":"publish","type":"product","link":"https:\/\/eu.tilta.com\/de\/shop\/rear-seat-monitor-mounting-bracket-for-hydra-arm-mini\/","title":{"rendered":"Halterung f\u00fcr R\u00fccksitzmonitor f\u00fcr Hydra Arm Mini"},"content":{"rendered":"<p>Diese Monitorhalterung f\u00fcr den R\u00fccksitz f\u00fcr den Hydra Arm Mini ist eine verbesserte Option f\u00fcr die Montage eines Monitors im Fahrzeug im Vergleich zu den im Kit enthaltenen Halterungen.<\/p>\n<p>Diese Halterung wird mit einem verstellbaren Gurt an der R\u00fcckseite einer Kopfst\u00fctze befestigt und verf\u00fcgt \u00fcber einen schwenkbaren 1\/4&#8243;-20 Befestigungspunkt f\u00fcr eine Vielzahl verschiedener externer Monitore.<\/p>\n<p>Eine integrierte V-Mount-Batterieplatte dient als praktische M\u00f6glichkeit, V-Mount-Batterien zur Stromversorgung von Monitoren oder Zubeh\u00f6r wie drahtlosen Videoempf\u00e4ngern zu montieren.<\/p>\n<p>An der Halterung selbst gibt es viele zus\u00e4tzliche Befestigungspunkte mit 1\/4&#8243;-20 und 3\/8&#8243;-16 Gewinden, die sich perfekt f\u00fcr die Montage von Zubeh\u00f6r \u00fcber Gelenkarme und anderes \u00e4hnliches Zubeh\u00f6r eignen.<\/p>\n<p>&nbsp;<\/p>\n","protected":false},"excerpt":{"rendered":"<p>Diese Monitorhalterung f\u00fcr den R\u00fccksitz f\u00fcr den Hydra Arm Mini ist eine verbesserte Option f\u00fcr die Montage eines Monitors im Fahrzeug im Vergleich zu den im Kit enthaltenen Halterungen. Diese Halterung wird mit einem verstellbaren Gurt an der R\u00fcckseite einer [&hellip;]<\/p>\n","protected":false},"featured_media":1977692,"comment_status":"closed","ping_status":"closed","template":"","meta":[],"product_cat":[1194],"product_tag":[],"acf":[],"gallery_images":[1977694],"_links":{"self":[{"href":"https:\/\/eu.tilta.com\/de\/wp-json\/wp\/v2\/product\/1975922"}],"collection":[{"href":"https:\/\/eu.tilta.com\/de\/wp-json\/wp\/v2\/product"}],"about":[{"href":"https:\/\/eu.tilta.com\/de\/wp-json\/wp\/v2\/types\/product"}],"replies":[{"embeddable":true,"href":"https:\/\/eu.tilta.com\/de\/wp-json\/wp\/v2\/comments?post=1975922"}],"wp:featuredmedia":[{"embeddable":true,"href":"https:\/\/eu.tilta.com\/de\/wp-json\/wp\/v2\/media\/1977692"}],"wp:attachment":[{"href":"https:\/\/eu.tilta.com\/de\/wp-json\/wp\/v2\/media?parent=1975922"}],"wp:term":[{"taxonomy":"product_cat","embeddable":true,"href":"https:\/\/eu.tilta.com\/de\/wp-json\/wp\/v2\/product_cat?post=1975922"},{"taxonomy":"product_tag","embeddable":true,"href":"https:\/\/eu.tilta.com\/de\/wp-json\/wp\/v2\/product_tag?post=1975922"}],"curies":[{"name":"wp","href":"https:\/\/api.w.org\/{rel}","templated":true}]}}