{"id":1975923,"date":"2024-04-01T20:07:48","date_gmt":"2024-04-01T18:07:48","guid":{"rendered":"https:\/\/de.tilta.com\/shop\/hydra-arm-motorized-slider\/"},"modified":"2025-12-05T12:25:50","modified_gmt":"2025-12-05T11:25:50","slug":"hydra-motorized-slider-pro-kit","status":"publish","type":"product","link":"https:\/\/eu.tilta.com\/de\/shop\/hydra-motorized-slider-pro-kit\/","title":{"rendered":"Hydra Arm Motorisierter Schieber"},"content":{"rendered":"<p><em>Wir stellen Ihnen den Hydra Motorized Slider vor, das neueste Mitglied der Hydra Autohalterungsfamilie.<\/em><\/p>\n<p>Das System wird \u00fcber einen Abschlepphaken oder einen Kupplungsadapter an einem Fahrzeug befestigt und verf\u00fcgt \u00fcber eine 50 mm lange Speed Rail mit Saugn\u00e4pfen, die zus\u00e4tzlichen Halt bieten. Das System kann auch problemlos in einzigartige Spezialfahrzeuge wie den Can-Am Maverick X3 usw. integriert werden.<\/p>\n<p>Der sto\u00dfd\u00e4mpfende Arm und der Schieber sind sorgf\u00e4ltig aus einer Aluminiumlegierung in Luft- und Raumfahrtqualit\u00e4t und 304er Edelstahl gefertigt. Die Hydra wurde entwickelt, um extremen Wetterbedingungen zu trotzen. Sie funktioniert einwandfrei bei Temperaturen von -22\u2109 bis 176\u2109 und h\u00e4lt Wind, Regen und Schnee stand.<\/p>\n<p>Ausgestattet mit einem Steuergriff und einem Bedienterminal bietet der Hydra flexible Fernbedienungsm\u00f6glichkeiten. Ob kabelgebunden oder drahtlos, Sie k\u00f6nnen die Bewegung des Schiebers ganz einfach vom Fahrzeug aus steuern.<\/p>\n<p>Mit diesen Steuerungsoptionen k\u00f6nnen Sie die Geschwindigkeit und die D\u00e4mpfung anpassen, A\/B-Punkte setzen und den Schieberegler so programmieren, dass er diese Punkte in bestimmten Zeitintervallen ohne Benutzereingabe erreicht. Au\u00dferdem unterst\u00fctzt das System zuk\u00fcnftige Firmware-Upgrades.<\/p>\n<p>Trotz seiner robusten Bauweise wurde der Hydra mit Blick auf seine Tragbarkeit entwickelt. Der Slider wiegt 110,2 Pfund und passt bequem in drei relativ kompakte Koffer. Dies erm\u00f6glicht eine einfache Aufbewahrung und einen einfachen Transport in den meisten LKWs oder SUVs, so dass Sie immer f\u00fcr den n\u00e4chsten Dreh vorbereitet sind.<\/p>\n<p>Der Hydra Slider wird mit nur vier 14,8 V V-Mount-Batterien betrieben und ist damit unglaublich effizient. Mit vier 270-Wh-Akkus (18600 mAh) k\u00f6nnen Sie einen ganzen Tag lang fotografieren, ohne die Batterien wechseln zu m\u00fcssen. (unter normalen Aufnahmebedingungen kann die Akkulaufzeit variieren)<\/p>\n<p>Dieser Slider kann sich in nur 4 Sekunden von seinem h\u00f6chsten zu seinem niedrigsten Punkt bewegen. Er sinkt mit einer Geschwindigkeit von 1,4 Fu\u00df pro Sekunde und sorgt daf\u00fcr, dass Sie m\u00fchelos dynamische Aufnahmen machen k\u00f6nnen.<\/p>\n<p>Der sto\u00dfd\u00e4mpfende Arm kann Vibrationen auf mehreren Achsen d\u00e4mpfen und tr\u00e4gt bis zu 66 Pfund. Der sto\u00dfd\u00e4mpfende Kopf wird mit einer DJI Ronin 2-Montageplatte geliefert, so dass er perfekt zu diesem Gimbal passt.<\/p>\n<p>Mit dem optionalen Zubeh\u00f6r kann das System ohne den sto\u00dfd\u00e4mpfenden Arm auf dem Dach eines Fahrzeugs montiert werden, um z.B. Marathons oder Radrennen zu \u00fcbertragen.<\/p>\n<p><strong>HINWEIS: Das Pro Kit enth\u00e4lt nicht das Zubeh\u00f6r, das Sie f\u00fcr dieses Broadcast-Setup ben\u00f6tigen. Bitte kontaktieren Sie unser Verkaufsteam f\u00fcr weitere Informationen \u00fcber diese Konfiguration und optionales Zubeh\u00f6r: sales-de@tilta.com<br \/>\n<\/strong><\/p>\n","protected":false},"excerpt":{"rendered":"<p>Wir stellen Ihnen den Hydra Motorized Slider vor, das neueste Mitglied der Hydra Autohalterungsfamilie. Das System wird \u00fcber einen Abschlepphaken oder einen Kupplungsadapter an einem Fahrzeug befestigt und verf\u00fcgt \u00fcber eine 50 mm lange Speed Rail mit Saugn\u00e4pfen, die zus\u00e4tzlichen [&hellip;]<\/p>\n","protected":false},"featured_media":1978113,"comment_status":"closed","ping_status":"closed","template":"","meta":[],"product_cat":[1419],"product_tag":[],"acf":[],"gallery_images":[1978125,1978126,1978127,1978128,1978129,1978130,1978131,1978132,1978133,1978134,1978135],"_links":{"self":[{"href":"https:\/\/eu.tilta.com\/de\/wp-json\/wp\/v2\/product\/1975923"}],"collection":[{"href":"https:\/\/eu.tilta.com\/de\/wp-json\/wp\/v2\/product"}],"about":[{"href":"https:\/\/eu.tilta.com\/de\/wp-json\/wp\/v2\/types\/product"}],"replies":[{"embeddable":true,"href":"https:\/\/eu.tilta.com\/de\/wp-json\/wp\/v2\/comments?post=1975923"}],"wp:featuredmedia":[{"embeddable":true,"href":"https:\/\/eu.tilta.com\/de\/wp-json\/wp\/v2\/media\/1978113"}],"wp:attachment":[{"href":"https:\/\/eu.tilta.com\/de\/wp-json\/wp\/v2\/media?parent=1975923"}],"wp:term":[{"taxonomy":"product_cat","embeddable":true,"href":"https:\/\/eu.tilta.com\/de\/wp-json\/wp\/v2\/product_cat?post=1975923"},{"taxonomy":"product_tag","embeddable":true,"href":"https:\/\/eu.tilta.com\/de\/wp-json\/wp\/v2\/product_tag?post=1975923"}],"curies":[{"name":"wp","href":"https:\/\/api.w.org\/{rel}","templated":true}]}}