{"id":1975928,"date":"2024-04-10T20:55:56","date_gmt":"2024-04-10T18:55:56","guid":{"rendered":"https:\/\/de.tilta.com\/shop\/khronos-universal-ssd-halter\/"},"modified":"2026-04-15T03:53:39","modified_gmt":"2026-04-15T01:53:39","slug":"khronos-universal-ssd-holder","status":"publish","type":"product","link":"https:\/\/eu.tilta.com\/de\/shop\/khronos-universal-ssd-holder\/","title":{"rendered":"Khronos Universal SSD-Halter"},"content":{"rendered":"<p><em>Der Khronos Universal SSD Holder ist ein unverzichtbares Zubeh\u00f6r f\u00fcr die Montage Ihres SSD-Laufwerks f\u00fcr die Aufnahme von Apple Log.<\/em><\/p>\n<p>Dieses Zubeh\u00f6r verwendet den gleichen innovativen Klemmmechanismus wie anderes Khronos-Zubeh\u00f6r.<\/p>\n<p>Er ist mit SSD-Laufwerken oder Powerbanks mit einer Breite von 50 mm bis 70 mm und einer H\u00f6he von bis zu 15 mm kompatibel. Sein verstellbares Design sorgt f\u00fcr einen sicheren Sitz und h\u00e4lt Ihr SSD-Laufwerk w\u00e4hrend der Aufnahmen fest an seinem Platz.<\/p>\n<p>Erh\u00e4ltlich in raffiniertem Space Grau und elegantem Titanwei\u00df, passend zum Khronos Case, um das Design Ihres iPhones zu erg\u00e4nzen und ihm einen Hauch von Stil zu verleihen.<\/p>\n","protected":false},"excerpt":{"rendered":"<p>Der Khronos Universal SSD Holder ist ein unverzichtbares Zubeh\u00f6r f\u00fcr die Montage Ihres SSD-Laufwerks f\u00fcr die Aufnahme von Apple Log. Dieses Zubeh\u00f6r verwendet den gleichen innovativen Klemmmechanismus wie anderes Khronos-Zubeh\u00f6r. Er ist mit SSD-Laufwerken oder Powerbanks mit einer Breite von [&hellip;]<\/p>\n","protected":false},"featured_media":1978239,"comment_status":"closed","ping_status":"closed","template":"","meta":[],"product_cat":[1047,3507,3357,4200,4496],"product_tag":[],"acf":[],"gallery_images":[1978240,1977792,1977793,1977794,1977795],"_links":{"self":[{"href":"https:\/\/eu.tilta.com\/de\/wp-json\/wp\/v2\/product\/1975928"}],"collection":[{"href":"https:\/\/eu.tilta.com\/de\/wp-json\/wp\/v2\/product"}],"about":[{"href":"https:\/\/eu.tilta.com\/de\/wp-json\/wp\/v2\/types\/product"}],"replies":[{"embeddable":true,"href":"https:\/\/eu.tilta.com\/de\/wp-json\/wp\/v2\/comments?post=1975928"}],"wp:featuredmedia":[{"embeddable":true,"href":"https:\/\/eu.tilta.com\/de\/wp-json\/wp\/v2\/media\/1978239"}],"wp:attachment":[{"href":"https:\/\/eu.tilta.com\/de\/wp-json\/wp\/v2\/media?parent=1975928"}],"wp:term":[{"taxonomy":"product_cat","embeddable":true,"href":"https:\/\/eu.tilta.com\/de\/wp-json\/wp\/v2\/product_cat?post=1975928"},{"taxonomy":"product_tag","embeddable":true,"href":"https:\/\/eu.tilta.com\/de\/wp-json\/wp\/v2\/product_tag?post=1975928"}],"curies":[{"name":"wp","href":"https:\/\/api.w.org\/{rel}","templated":true}]}}