{"id":1975929,"date":"2024-03-11T18:10:47","date_gmt":"2024-03-11T17:10:47","guid":{"rendered":"https:\/\/de.tilta.com\/shop\/10-saugnapf-set-fuer-hydra-arm-mini\/"},"modified":"2025-12-05T12:25:39","modified_gmt":"2025-12-05T11:25:39","slug":"10-suction-cup-set-for-hydra-arm-mini","status":"publish","type":"product","link":"https:\/\/eu.tilta.com\/de\/shop\/10-suction-cup-set-for-hydra-arm-mini\/","title":{"rendered":"10&#8243; Saugnapf-Set f\u00fcr Hydra Arm Mini"},"content":{"rendered":"<p>Dieses Saugnapf-Set f\u00fcr den Hydra Arm Mini ist die perfekte Option zur Erweiterung der Befestigungsm\u00f6glichkeiten des Systems.<\/p>\n<p>Dieses Kit enth\u00e4lt 4x 10-Zoll-Saugn\u00e4pfe, die mit 50-mm-Speed-Rail-Montageklemmen ausgestattet sind.<\/p>\n<p>Diese k\u00f6nnen an der dem Hydra Arm Mini beiliegenden Speed Rail oder anderen \u00e4hnlichen Systemen angebracht werden, um zus\u00e4tzliche Sicherheit durch mehr Kontaktpunkte zu bieten.<\/p>\n<p>Diese 10\u2033-Saugn\u00e4pfe sind besonders n\u00fctzlich f\u00fcr Fahrzeuge mit Panorama-Schiebed\u00e4chern, da die gr\u00f6\u00dfere Oberfl\u00e4che das Gewicht des zu montierenden Systems besser verteilen hilft.<\/p>\n","protected":false},"excerpt":{"rendered":"<p>Dieses Saugnapf-Set f\u00fcr den Hydra Arm Mini ist die perfekte Option zur Erweiterung der Befestigungsm\u00f6glichkeiten des Systems. Dieses Kit enth\u00e4lt 4x 10-Zoll-Saugn\u00e4pfe, die mit 50-mm-Speed-Rail-Montageklemmen ausgestattet sind. Diese k\u00f6nnen an der dem Hydra Arm Mini beiliegenden Speed Rail oder anderen [&hellip;]<\/p>\n","protected":false},"featured_media":1977684,"comment_status":"closed","ping_status":"closed","template":"","meta":[],"product_cat":[1419,1194],"product_tag":[],"acf":[],"gallery_images":[1974939],"_links":{"self":[{"href":"https:\/\/eu.tilta.com\/de\/wp-json\/wp\/v2\/product\/1975929"}],"collection":[{"href":"https:\/\/eu.tilta.com\/de\/wp-json\/wp\/v2\/product"}],"about":[{"href":"https:\/\/eu.tilta.com\/de\/wp-json\/wp\/v2\/types\/product"}],"replies":[{"embeddable":true,"href":"https:\/\/eu.tilta.com\/de\/wp-json\/wp\/v2\/comments?post=1975929"}],"wp:featuredmedia":[{"embeddable":true,"href":"https:\/\/eu.tilta.com\/de\/wp-json\/wp\/v2\/media\/1977684"}],"wp:attachment":[{"href":"https:\/\/eu.tilta.com\/de\/wp-json\/wp\/v2\/media?parent=1975929"}],"wp:term":[{"taxonomy":"product_cat","embeddable":true,"href":"https:\/\/eu.tilta.com\/de\/wp-json\/wp\/v2\/product_cat?post=1975929"},{"taxonomy":"product_tag","embeddable":true,"href":"https:\/\/eu.tilta.com\/de\/wp-json\/wp\/v2\/product_tag?post=1975929"}],"curies":[{"name":"wp","href":"https:\/\/api.w.org\/{rel}","templated":true}]}}