{"id":1975938,"date":"2024-03-11T18:08:55","date_gmt":"2024-03-11T17:08:55","guid":{"rendered":"https:\/\/de.tilta.com\/shop\/elektronisches-saugnapf-steuerungsset\/"},"modified":"2025-12-05T12:25:44","modified_gmt":"2025-12-05T11:25:44","slug":"electronic-suction-cup-control-kit","status":"publish","type":"product","link":"https:\/\/eu.tilta.com\/de\/shop\/electronic-suction-cup-control-kit\/","title":{"rendered":"Elektronisches Saugnapf-Steuerungsset"},"content":{"rendered":"<p>Wir stellen Ihnen das elektronische Saugnapf-Steuerungsset f\u00fcr den Hydra Arm Mini vor.<\/p>\n<p>Dieses Kit enth\u00e4lt vier Ersatzsaugn\u00e4pfe mit Halterungen, die an den originalen Befestigungselementen des Hydra Arm&#8217;s Pro Kit angebracht werden k\u00f6nnen.<\/p>\n<p>Nach der Installation k\u00f6nnen Sie die Saugn\u00e4pfe mit Strom versorgen und steuern, indem Sie das mitgelieferte 4-polige Lemo-Kabel an der R\u00fcckseite der Pan-Achse des Hydra Arm Mini anschlie\u00dfen.<\/p>\n<p>Sie k\u00f6nnen dann den Druck dieser Saugn\u00e4pfe in Echtzeit \u00fcberwachen und die Saugkraft im Falle eines Lecks elektronisch erh\u00f6hen.<\/p>\n","protected":false},"excerpt":{"rendered":"<p>Wir stellen Ihnen das elektronische Saugnapf-Steuerungsset f\u00fcr den Hydra Arm Mini vor. Dieses Kit enth\u00e4lt vier Ersatzsaugn\u00e4pfe mit Halterungen, die an den originalen Befestigungselementen des Hydra Arm&#8217;s Pro Kit angebracht werden k\u00f6nnen. Nach der Installation k\u00f6nnen Sie die Saugn\u00e4pfe mit [&hellip;]<\/p>\n","protected":false},"featured_media":1977681,"comment_status":"closed","ping_status":"closed","template":"","meta":[],"product_cat":[1194],"product_tag":[],"acf":[],"gallery_images":[1974936],"_links":{"self":[{"href":"https:\/\/eu.tilta.com\/de\/wp-json\/wp\/v2\/product\/1975938"}],"collection":[{"href":"https:\/\/eu.tilta.com\/de\/wp-json\/wp\/v2\/product"}],"about":[{"href":"https:\/\/eu.tilta.com\/de\/wp-json\/wp\/v2\/types\/product"}],"replies":[{"embeddable":true,"href":"https:\/\/eu.tilta.com\/de\/wp-json\/wp\/v2\/comments?post=1975938"}],"wp:featuredmedia":[{"embeddable":true,"href":"https:\/\/eu.tilta.com\/de\/wp-json\/wp\/v2\/media\/1977681"}],"wp:attachment":[{"href":"https:\/\/eu.tilta.com\/de\/wp-json\/wp\/v2\/media?parent=1975938"}],"wp:term":[{"taxonomy":"product_cat","embeddable":true,"href":"https:\/\/eu.tilta.com\/de\/wp-json\/wp\/v2\/product_cat?post=1975938"},{"taxonomy":"product_tag","embeddable":true,"href":"https:\/\/eu.tilta.com\/de\/wp-json\/wp\/v2\/product_tag?post=1975938"}],"curies":[{"name":"wp","href":"https:\/\/api.w.org\/{rel}","templated":true}]}}