{"id":1975939,"date":"2024-04-10T20:52:46","date_gmt":"2024-04-10T18:52:46","guid":{"rendered":"https:\/\/de.tilta.com\/shop\/khronos-quick-release-filter-tray-fuer-iphone\/"},"modified":"2025-12-05T12:26:15","modified_gmt":"2025-12-05T11:26:15","slug":"khronos-quick-release-filter-tray-for-iphone","status":"publish","type":"product","link":"https:\/\/eu.tilta.com\/de\/shop\/khronos-quick-release-filter-tray-for-iphone\/","title":{"rendered":"Khronos Schnellspann-Filtereinsatz f\u00fcr iPhone"},"content":{"rendered":"<p><em>Der Khronos Schnellspann-Filtereinsatz ist das perfekte Zubeh\u00f6r f\u00fcr die Montage von Khronos Magnetfiltern an Ihrem System.<\/em><\/p>\n<p>Der Filter Tray l\u00e4sst sich \u00fcber eine sichere Magnetverbindung einfach am Khronos iPhone 15 Pro\/ Pro Max Case befestigen.<\/p>\n<p>Das Tablett verf\u00fcgt \u00fcber eine schwenkbare Halterung, mit der es \u00fcber alle drei Linsen des iPhone 15 Pro\/Pro Max geschoben werden kann.<\/p>\n<p>So k\u00f6nnen Sie ganz einfach Filter wie Neutraldichte, Diffusion, UV-Schutz und mehr anbringen.<\/p>\n","protected":false},"excerpt":{"rendered":"<p>Der Khronos Schnellspann-Filtereinsatz ist das perfekte Zubeh\u00f6r f\u00fcr die Montage von Khronos Magnetfiltern an Ihrem System. Der Filter Tray l\u00e4sst sich \u00fcber eine sichere Magnetverbindung einfach am Khronos iPhone 15 Pro\/ Pro Max Case befestigen. Das Tablett verf\u00fcgt \u00fcber eine [&hellip;]<\/p>\n","protected":false},"featured_media":1977790,"comment_status":"closed","ping_status":"closed","template":"","meta":[],"product_cat":[1047,3507],"product_tag":[],"acf":[],"gallery_images":[1977791,1977792,1977793,1977794,1977795],"_links":{"self":[{"href":"https:\/\/eu.tilta.com\/de\/wp-json\/wp\/v2\/product\/1975939"}],"collection":[{"href":"https:\/\/eu.tilta.com\/de\/wp-json\/wp\/v2\/product"}],"about":[{"href":"https:\/\/eu.tilta.com\/de\/wp-json\/wp\/v2\/types\/product"}],"replies":[{"embeddable":true,"href":"https:\/\/eu.tilta.com\/de\/wp-json\/wp\/v2\/comments?post=1975939"}],"wp:featuredmedia":[{"embeddable":true,"href":"https:\/\/eu.tilta.com\/de\/wp-json\/wp\/v2\/media\/1977790"}],"wp:attachment":[{"href":"https:\/\/eu.tilta.com\/de\/wp-json\/wp\/v2\/media?parent=1975939"}],"wp:term":[{"taxonomy":"product_cat","embeddable":true,"href":"https:\/\/eu.tilta.com\/de\/wp-json\/wp\/v2\/product_cat?post=1975939"},{"taxonomy":"product_tag","embeddable":true,"href":"https:\/\/eu.tilta.com\/de\/wp-json\/wp\/v2\/product_tag?post=1975939"}],"curies":[{"name":"wp","href":"https:\/\/api.w.org\/{rel}","templated":true}]}}