{"id":1975940,"date":"2024-04-10T20:55:53","date_gmt":"2024-04-10T18:55:53","guid":{"rendered":"https:\/\/de.tilta.com\/shop\/khronos-cold-shoe-schnellspannadapter\/"},"modified":"2026-03-30T05:38:37","modified_gmt":"2026-03-30T03:38:37","slug":"khronos-cold-shoe-quick-release-adapter","status":"publish","type":"product","link":"https:\/\/eu.tilta.com\/de\/shop\/khronos-cold-shoe-quick-release-adapter\/","title":{"rendered":"Khronos Cold Shoe Schnellspannadapter"},"content":{"rendered":"<p><em>Der Khronos Cold Shoe Quick Release Adapter ist die perfekte Option f\u00fcr die Befestigung von herk\u00f6mmlichem Kamerazubeh\u00f6r an Ihrem Khronos iPhone 15 Pro \/ Pro Max Tasche.<\/em><\/p>\n<p>Dieses Zubeh\u00f6r verwendet den gleichen innovativen Klemmmechanismus wie anderes Khronos-Zubeh\u00f6r.<\/p>\n<p>Sie kann ganz einfach an einem der Befestigungspunkte an der Smartphone-H\u00fclle angebracht werden, indem Sie auf den Entriegelungsknopf dr\u00fccken, die Stifte ausrichten und den Knopf loslassen, sobald er angebracht ist.<\/p>\n<p>Die Halterung verf\u00fcgt \u00fcber einen einzelnen Cold Shoe-Empf\u00e4nger, der sich perfekt f\u00fcr Zubeh\u00f6r wie integrierte Boom-Mikrofone und externe Monitore \u00fcber eine Cold Shoe-Monitorhalterung eignet.<\/p>\n<p>Erh\u00e4ltlich in raffiniertem Space Grau und elegantem Titanwei\u00df, passend zum Khronos Case, um das Design Ihres iPhones zu erg\u00e4nzen und ihm einen Hauch von Stil zu verleihen.<\/p>\n","protected":false},"excerpt":{"rendered":"<p>Der Khronos Cold Shoe Quick Release Adapter ist die perfekte Option f\u00fcr die Befestigung von herk\u00f6mmlichem Kamerazubeh\u00f6r an Ihrem Khronos iPhone 15 Pro \/ Pro Max Tasche. Dieses Zubeh\u00f6r verwendet den gleichen innovativen Klemmmechanismus wie anderes Khronos-Zubeh\u00f6r. Sie kann ganz [&hellip;]<\/p>\n","protected":false},"featured_media":1977919,"comment_status":"closed","ping_status":"closed","template":"","meta":[],"product_cat":[4448,3507,3357,4200,4496],"product_tag":[],"acf":[],"gallery_images":[1977920,1977792,1977793,1977794,1977795],"_links":{"self":[{"href":"https:\/\/eu.tilta.com\/de\/wp-json\/wp\/v2\/product\/1975940"}],"collection":[{"href":"https:\/\/eu.tilta.com\/de\/wp-json\/wp\/v2\/product"}],"about":[{"href":"https:\/\/eu.tilta.com\/de\/wp-json\/wp\/v2\/types\/product"}],"replies":[{"embeddable":true,"href":"https:\/\/eu.tilta.com\/de\/wp-json\/wp\/v2\/comments?post=1975940"}],"wp:featuredmedia":[{"embeddable":true,"href":"https:\/\/eu.tilta.com\/de\/wp-json\/wp\/v2\/media\/1977919"}],"wp:attachment":[{"href":"https:\/\/eu.tilta.com\/de\/wp-json\/wp\/v2\/media?parent=1975940"}],"wp:term":[{"taxonomy":"product_cat","embeddable":true,"href":"https:\/\/eu.tilta.com\/de\/wp-json\/wp\/v2\/product_cat?post=1975940"},{"taxonomy":"product_tag","embeddable":true,"href":"https:\/\/eu.tilta.com\/de\/wp-json\/wp\/v2\/product_tag?post=1975940"}],"curies":[{"name":"wp","href":"https:\/\/api.w.org\/{rel}","templated":true}]}}