{"id":1975952,"date":"2024-03-15T23:00:48","date_gmt":"2024-03-15T22:00:48","guid":{"rendered":"https:\/\/de.tilta.com\/shop\/tilta-flachkopfschraubendreher-mit-m3-inbusschluessel\/"},"modified":"2026-02-16T09:00:22","modified_gmt":"2026-02-16T08:00:22","slug":"tilta-flat-head-screwdriver-with-m3-allen-key-2","status":"publish","type":"product","link":"https:\/\/eu.tilta.com\/de\/shop\/tilta-flat-head-screwdriver-with-m3-allen-key-2\/","title":{"rendered":"Tilta Flachkopfschraubendreher mit M3 Inbusschl\u00fcssel"},"content":{"rendered":"<div class=\"overview-text\">\n<p>Dieser Schlitzschraubendreher mit M3-Inbusschl\u00fcssel dient als Ersatz f\u00fcr den Schraubendreher, der vielen unserer Kamerak\u00e4fige beiliegt.<\/p>\n<p>Dies ist eine bequeme M\u00f6glichkeit, den K\u00e4fig oder anderes Zubeh\u00f6r ohne zus\u00e4tzliches Werkzeug zu montieren.<\/p>\n<p>Bitte beachten Sie, dass dieses Zubeh\u00f6r selbst nicht magnetisch ist. Er ist so konzipiert, dass er an dem Magneten an der Unterseite vieler unserer Kamerak\u00e4fige befestigt werden kann.<\/p>\n<\/div>\n","protected":false},"excerpt":{"rendered":"<p>Dieser Schlitzschraubendreher mit M3-Inbusschl\u00fcssel dient als Ersatz f\u00fcr den Schraubendreher, der vielen unserer Kamerak\u00e4fige beiliegt. Dies ist eine bequeme M\u00f6glichkeit, den K\u00e4fig oder anderes Zubeh\u00f6r ohne zus\u00e4tzliches Werkzeug zu montieren. Bitte beachten Sie, dass dieses Zubeh\u00f6r selbst nicht magnetisch ist. [&hellip;]<\/p>\n","protected":false},"featured_media":1977190,"comment_status":"closed","ping_status":"closed","template":"","meta":[],"product_cat":[1247,1192],"product_tag":[],"acf":[],"gallery_images":[1977193,1977194],"_links":{"self":[{"href":"https:\/\/eu.tilta.com\/de\/wp-json\/wp\/v2\/product\/1975952"}],"collection":[{"href":"https:\/\/eu.tilta.com\/de\/wp-json\/wp\/v2\/product"}],"about":[{"href":"https:\/\/eu.tilta.com\/de\/wp-json\/wp\/v2\/types\/product"}],"replies":[{"embeddable":true,"href":"https:\/\/eu.tilta.com\/de\/wp-json\/wp\/v2\/comments?post=1975952"}],"wp:featuredmedia":[{"embeddable":true,"href":"https:\/\/eu.tilta.com\/de\/wp-json\/wp\/v2\/media\/1977190"}],"wp:attachment":[{"href":"https:\/\/eu.tilta.com\/de\/wp-json\/wp\/v2\/media?parent=1975952"}],"wp:term":[{"taxonomy":"product_cat","embeddable":true,"href":"https:\/\/eu.tilta.com\/de\/wp-json\/wp\/v2\/product_cat?post=1975952"},{"taxonomy":"product_tag","embeddable":true,"href":"https:\/\/eu.tilta.com\/de\/wp-json\/wp\/v2\/product_tag?post=1975952"}],"curies":[{"name":"wp","href":"https:\/\/api.w.org\/{rel}","templated":true}]}}