{"id":1975958,"date":"2024-03-11T20:25:10","date_gmt":"2024-03-11T19:25:10","guid":{"rendered":"https:\/\/de.tilta.com\/shop\/tilta-foldable-arca-baseplate-black\/"},"modified":"2025-12-05T12:26:04","modified_gmt":"2025-12-05T11:26:04","slug":"tilta-foldable-arca-baseplate-black","status":"publish","type":"product","link":"https:\/\/eu.tilta.com\/de\/shop\/tilta-foldable-arca-baseplate-black\/","title":{"rendered":"Tilta Faltbare Arca-Grundplatte &#8211; Schwarz"},"content":{"rendered":"<p>Wir stellen die faltbare Arca Grundplatte vor, das perfekte, leichte Zubeh\u00f6r f\u00fcr den schnellen Wechsel zwischen horizontalen und vertikalen Aufnahmekonfigurationen bei der Verwendung kleinerer Kameras.<\/p>\n<p>Mit einer einzigen Taste k\u00f6nnen Sie die Grundplatte entriegeln, um die zentrale Plattform in einem 90\u00b0-Winkel zu schwenken und zu arretieren.<\/p>\n<p>Dank der multidirektionalen ARCA-Bodenplatte l\u00e4sst sich dieser Adapter leicht an jedem kompatiblen DJI Standard ARCA-Empf\u00e4nger oder Stativ befestigen. (Bitte beachten Sie, dass die Kompatibilit\u00e4t mit ARCA nicht garantiert ist)<\/p>\n<p>Mit einem Gewicht von nur 2,45 Unzen und einer Tragf\u00e4higkeit von bis zu 6,6 Pfund ist dieses Zubeh\u00f6r unglaublich leicht und dennoch robust.<\/p>\n<p>.<\/p>\n","protected":false},"excerpt":{"rendered":"<p>Wir stellen die faltbare Arca Grundplatte vor, das perfekte, leichte Zubeh\u00f6r f\u00fcr den schnellen Wechsel zwischen horizontalen und vertikalen Aufnahmekonfigurationen bei der Verwendung kleinerer Kameras. Mit einer einzigen Taste k\u00f6nnen Sie die Grundplatte entriegeln, um die zentrale Plattform in einem [&hellip;]<\/p>\n","protected":false},"featured_media":1977757,"comment_status":"closed","ping_status":"closed","template":"","meta":[],"product_cat":[3358,3373,1083,1085,1086,1087,1088,1095,1096,1101,1105,1117,1118,1119,1120,1121,1122,1124,1125,1126,1071,1128,1129,1130,1256,1191],"product_tag":[],"acf":[],"gallery_images":[1977771,1977772,1977773,1977774,1977775],"_links":{"self":[{"href":"https:\/\/eu.tilta.com\/de\/wp-json\/wp\/v2\/product\/1975958"}],"collection":[{"href":"https:\/\/eu.tilta.com\/de\/wp-json\/wp\/v2\/product"}],"about":[{"href":"https:\/\/eu.tilta.com\/de\/wp-json\/wp\/v2\/types\/product"}],"replies":[{"embeddable":true,"href":"https:\/\/eu.tilta.com\/de\/wp-json\/wp\/v2\/comments?post=1975958"}],"wp:featuredmedia":[{"embeddable":true,"href":"https:\/\/eu.tilta.com\/de\/wp-json\/wp\/v2\/media\/1977757"}],"wp:attachment":[{"href":"https:\/\/eu.tilta.com\/de\/wp-json\/wp\/v2\/media?parent=1975958"}],"wp:term":[{"taxonomy":"product_cat","embeddable":true,"href":"https:\/\/eu.tilta.com\/de\/wp-json\/wp\/v2\/product_cat?post=1975958"},{"taxonomy":"product_tag","embeddable":true,"href":"https:\/\/eu.tilta.com\/de\/wp-json\/wp\/v2\/product_tag?post=1975958"}],"curies":[{"name":"wp","href":"https:\/\/api.w.org\/{rel}","templated":true}]}}