{"id":1975960,"date":"2024-04-10T20:50:16","date_gmt":"2024-04-10T18:50:16","guid":{"rendered":"https:\/\/de.tilta.com\/shop\/khronos-magnetischer-schwarzer-nebelfilter-fuer-iphone\/"},"modified":"2026-04-15T03:50:24","modified_gmt":"2026-04-15T01:50:24","slug":"khronos-magnetic-black-mist-filter-for-iphone","status":"publish","type":"product","link":"https:\/\/eu.tilta.com\/de\/shop\/khronos-magnetic-black-mist-filter-for-iphone\/","title":{"rendered":"Khronos Magnetischer schwarzer Nebelfilter f\u00fcr iPhone"},"content":{"rendered":"<p>Die Khronos Magnetic Filter wurden speziell f\u00fcr die Verwendung mit dem iPhone 15 Pro und Pro Max entwickelt.<\/p>\n<p>Dieser Filter l\u00e4sst sich leicht in den Khronos Quick Release Filter Tray f\u00fcr iPhone einsetzen, wenn Sie die Khronos iPhone-Tasche verwenden.<\/p>\n<p>Bei diesem Filter handelt es sich um eine Art Diffusionsfilter, der den Kontrast reduziert und ein subtiles Gl\u00fchen um Lichtquellen herum erzeugt, w\u00e4hrend er die allgemeine Weichheit begrenzt und den Kontrast in den Schatten beibeh\u00e4lt.<\/p>\n<p>Dadurch entsteht eine weiche visuelle Atmosph\u00e4re, w\u00e4hrend die Sch\u00e4rfe erhalten bleibt und mehr Details in den Schatten zu sehen sind als bei einem Standard-Nebel-Filter.<\/p>\n<p>Dieser Filter ist ideal f\u00fcr Benutzer, die einen klassischen, diffusen Look w\u00fcnschen, ohne dass er zu sehr ablenkt.<\/p>\n","protected":false},"excerpt":{"rendered":"<p>Die Khronos Magnetic Filter wurden speziell f\u00fcr die Verwendung mit dem iPhone 15 Pro und Pro Max entwickelt. Dieser Filter l\u00e4sst sich leicht in den Khronos Quick Release Filter Tray f\u00fcr iPhone einsetzen, wenn Sie die Khronos iPhone-Tasche verwenden. Bei [&hellip;]<\/p>\n","protected":false},"featured_media":1977803,"comment_status":"closed","ping_status":"closed","template":"","meta":[],"product_cat":[1047,3507,3357,4200,4496],"product_tag":[],"acf":[],"gallery_images":[1975034,1975036,1975035,1975037],"_links":{"self":[{"href":"https:\/\/eu.tilta.com\/de\/wp-json\/wp\/v2\/product\/1975960"}],"collection":[{"href":"https:\/\/eu.tilta.com\/de\/wp-json\/wp\/v2\/product"}],"about":[{"href":"https:\/\/eu.tilta.com\/de\/wp-json\/wp\/v2\/types\/product"}],"replies":[{"embeddable":true,"href":"https:\/\/eu.tilta.com\/de\/wp-json\/wp\/v2\/comments?post=1975960"}],"wp:featuredmedia":[{"embeddable":true,"href":"https:\/\/eu.tilta.com\/de\/wp-json\/wp\/v2\/media\/1977803"}],"wp:attachment":[{"href":"https:\/\/eu.tilta.com\/de\/wp-json\/wp\/v2\/media?parent=1975960"}],"wp:term":[{"taxonomy":"product_cat","embeddable":true,"href":"https:\/\/eu.tilta.com\/de\/wp-json\/wp\/v2\/product_cat?post=1975960"},{"taxonomy":"product_tag","embeddable":true,"href":"https:\/\/eu.tilta.com\/de\/wp-json\/wp\/v2\/product_tag?post=1975960"}],"curies":[{"name":"wp","href":"https:\/\/api.w.org\/{rel}","templated":true}]}}