{"id":1975965,"date":"2024-04-10T20:50:09","date_gmt":"2024-04-10T18:50:09","guid":{"rendered":"https:\/\/de.tilta.com\/shop\/khronos-magnetischer-weisser-nebelfilter-fuer-iphone\/"},"modified":"2025-12-05T12:26:16","modified_gmt":"2025-12-05T11:26:16","slug":"khronos-magnetic-white-mist-filter-for-iphone","status":"publish","type":"product","link":"https:\/\/eu.tilta.com\/de\/shop\/khronos-magnetic-white-mist-filter-for-iphone\/","title":{"rendered":"Khronos Magnetischer wei\u00dfer Nebelfilter f\u00fcr iPhone"},"content":{"rendered":"<p>Die Khronos Magnetic Filter wurden speziell f\u00fcr die Verwendung mit dem iPhone 15 Pro und Pro Max entwickelt.<\/p>\n<p>Dieser Filter l\u00e4sst sich leicht in den Khronos Quick Release Filter Tray f\u00fcr iPhone einsetzen, wenn Sie die Khronos iPhone-Tasche verwenden.<\/p>\n<p>Dieser Filter ist eine Art Diffusionsfilter, der den Kontrast reduziert und ein subtiles Gl\u00fchen um Lichtquellen herum erzeugt.<\/p>\n<p>Dadurch entsteht eine weiche visuelle Atmosph\u00e4re, w\u00e4hrend gleichzeitig die Sch\u00e4rfe und m\u00f6glichst viele Details in den Schatten erhalten bleiben.<\/p>\n<p>Dieser Filter ist ideal f\u00fcr Benutzer, die einen ausgepr\u00e4gten, diffusen visuellen Stil suchen.<\/p>\n","protected":false},"excerpt":{"rendered":"<p>Die Khronos Magnetic Filter wurden speziell f\u00fcr die Verwendung mit dem iPhone 15 Pro und Pro Max entwickelt. Dieser Filter l\u00e4sst sich leicht in den Khronos Quick Release Filter Tray f\u00fcr iPhone einsetzen, wenn Sie die Khronos iPhone-Tasche verwenden. Dieser [&hellip;]<\/p>\n","protected":false},"featured_media":2026527,"comment_status":"closed","ping_status":"closed","template":"","meta":[],"product_cat":[1047,3507,3357,4200],"product_tag":[],"acf":[],"gallery_images":[1975034,1975035,1975036,1975037],"_links":{"self":[{"href":"https:\/\/eu.tilta.com\/de\/wp-json\/wp\/v2\/product\/1975965"}],"collection":[{"href":"https:\/\/eu.tilta.com\/de\/wp-json\/wp\/v2\/product"}],"about":[{"href":"https:\/\/eu.tilta.com\/de\/wp-json\/wp\/v2\/types\/product"}],"replies":[{"embeddable":true,"href":"https:\/\/eu.tilta.com\/de\/wp-json\/wp\/v2\/comments?post=1975965"}],"wp:featuredmedia":[{"embeddable":true,"href":"https:\/\/eu.tilta.com\/de\/wp-json\/wp\/v2\/media\/2026527"}],"wp:attachment":[{"href":"https:\/\/eu.tilta.com\/de\/wp-json\/wp\/v2\/media?parent=1975965"}],"wp:term":[{"taxonomy":"product_cat","embeddable":true,"href":"https:\/\/eu.tilta.com\/de\/wp-json\/wp\/v2\/product_cat?post=1975965"},{"taxonomy":"product_tag","embeddable":true,"href":"https:\/\/eu.tilta.com\/de\/wp-json\/wp\/v2\/product_tag?post=1975965"}],"curies":[{"name":"wp","href":"https:\/\/api.w.org\/{rel}","templated":true}]}}