{"id":1975966,"date":"2024-03-11T18:13:59","date_gmt":"2024-03-11T17:13:59","guid":{"rendered":"https:\/\/de.tilta.com\/shop\/stossdaempfender-kopf-fuer-hydra-arm-mini\/"},"modified":"2025-12-05T12:26:09","modified_gmt":"2025-12-05T11:26:09","slug":"shock-absorbing-head-for-hydra-arm-mini","status":"publish","type":"product","link":"https:\/\/eu.tilta.com\/de\/shop\/shock-absorbing-head-for-hydra-arm-mini\/","title":{"rendered":"Sto\u00dfd\u00e4mpfender Kopf f\u00fcr Hydra Arm Mini"},"content":{"rendered":"<p>Dieser sto\u00dfd\u00e4mpfende Kopf dient als Ersatz f\u00fcr den im Lieferumfang des Hydra Arm Mini enthaltenen Kopf.<\/p>\n<p>Der Shock Absorbing Head wird am Ende des Arms des Hydra Arm Mini befestigt und erm\u00f6glicht die Montage eines Gimbals \u00fcber die Schnellwechselplatte aus dem Original-Kit.<\/p>\n<p>Die Struktur dieses Kopfes hilft, Mikrovibrationen zu absorbieren, um eine bessere Gimbal-Leistung zu erzielen.<\/p>\n<p>Unterst\u00fctzt eine Nutzlast von bis zu 10kg oder 22lbs.<\/p>\n<p><strong>Bitte beachten Sie, dass die Schnellwechselplatte, die zur Befestigung eines Gimbals ben\u00f6tigt wird, nicht im Lieferumfang dieses Kopfes enthalten ist.  <\/strong><\/p>\n","protected":false},"excerpt":{"rendered":"<p>Dieser sto\u00dfd\u00e4mpfende Kopf dient als Ersatz f\u00fcr den im Lieferumfang des Hydra Arm Mini enthaltenen Kopf. Der Shock Absorbing Head wird am Ende des Arms des Hydra Arm Mini befestigt und erm\u00f6glicht die Montage eines Gimbals \u00fcber die Schnellwechselplatte aus [&hellip;]<\/p>\n","protected":false},"featured_media":1977668,"comment_status":"closed","ping_status":"closed","template":"","meta":[],"product_cat":[1194],"product_tag":[],"acf":[],"gallery_images":[1977672,1977673,1977674],"_links":{"self":[{"href":"https:\/\/eu.tilta.com\/de\/wp-json\/wp\/v2\/product\/1975966"}],"collection":[{"href":"https:\/\/eu.tilta.com\/de\/wp-json\/wp\/v2\/product"}],"about":[{"href":"https:\/\/eu.tilta.com\/de\/wp-json\/wp\/v2\/types\/product"}],"replies":[{"embeddable":true,"href":"https:\/\/eu.tilta.com\/de\/wp-json\/wp\/v2\/comments?post=1975966"}],"wp:featuredmedia":[{"embeddable":true,"href":"https:\/\/eu.tilta.com\/de\/wp-json\/wp\/v2\/media\/1977668"}],"wp:attachment":[{"href":"https:\/\/eu.tilta.com\/de\/wp-json\/wp\/v2\/media?parent=1975966"}],"wp:term":[{"taxonomy":"product_cat","embeddable":true,"href":"https:\/\/eu.tilta.com\/de\/wp-json\/wp\/v2\/product_cat?post=1975966"},{"taxonomy":"product_tag","embeddable":true,"href":"https:\/\/eu.tilta.com\/de\/wp-json\/wp\/v2\/product_tag?post=1975966"}],"curies":[{"name":"wp","href":"https:\/\/api.w.org\/{rel}","templated":true}]}}