{"id":1975969,"date":"2024-02-02T22:58:53","date_gmt":"2024-02-02T21:58:53","guid":{"rendered":"https:\/\/de.tilta.com\/shop\/akkuplatte-fuer-sony-burano\/"},"modified":"2025-12-05T12:26:25","modified_gmt":"2025-12-05T11:26:25","slug":"battery-plate-for-sony-burano","status":"publish","type":"product","link":"https:\/\/eu.tilta.com\/de\/shop\/battery-plate-for-sony-burano\/","title":{"rendered":"Akkuplatte f\u00fcr Sony BURANO"},"content":{"rendered":"<p>Diese Akkuplatte passt die integrierte V-Mount-Akkuplatte der Sony Burano entweder an eine Gold-Mount- oder V-Mount-Akkuplatte mit zus\u00e4tzlichen Stromausg\u00e4ngen an.<\/p>\n<p>Dies erweitert die M\u00f6glichkeiten der Benutzer f\u00fcr die Stromverteilung und bietet einen praktischen Stromeingang, der Gleichstrom f\u00fcr Hot-Swapping aufnehmen kann.<\/p>\n<p>Diese Akkuplatte umfasst die folgenden Stromausg\u00e4nge:<\/p>\n<p>(1) 6-Pin LEMO DC-Eingang (12V-28V)<br \/>\n(1) P-Tap-Anschluss (14,8V 3,8A)<br \/>\n(1) USB-C Anschluss ( PD3.1 65W )<br \/>\n(1) 3-Pin Fischer Lemo (24V 3 A)<br \/>\n(1) 3-Pin Fischer Lemo (14,8V 3,8 A)<br \/>\n(1) 2-Pin Lemo (14,8V 3 A)<\/p>\n","protected":false},"excerpt":{"rendered":"<p>Diese Akkuplatte passt die integrierte V-Mount-Akkuplatte der Sony Burano entweder an eine Gold-Mount- oder V-Mount-Akkuplatte mit zus\u00e4tzlichen Stromausg\u00e4ngen an. Dies erweitert die M\u00f6glichkeiten der Benutzer f\u00fcr die Stromverteilung und bietet einen praktischen Stromeingang, der Gleichstrom f\u00fcr Hot-Swapping aufnehmen kann. Diese [&hellip;]<\/p>\n","protected":false},"featured_media":1977467,"comment_status":"closed","ping_status":"closed","template":"","meta":[],"product_cat":[1434,1290],"product_tag":[],"acf":[],"gallery_images":[1974768,1974769,1974770,1974771],"_links":{"self":[{"href":"https:\/\/eu.tilta.com\/de\/wp-json\/wp\/v2\/product\/1975969"}],"collection":[{"href":"https:\/\/eu.tilta.com\/de\/wp-json\/wp\/v2\/product"}],"about":[{"href":"https:\/\/eu.tilta.com\/de\/wp-json\/wp\/v2\/types\/product"}],"replies":[{"embeddable":true,"href":"https:\/\/eu.tilta.com\/de\/wp-json\/wp\/v2\/comments?post=1975969"}],"wp:featuredmedia":[{"embeddable":true,"href":"https:\/\/eu.tilta.com\/de\/wp-json\/wp\/v2\/media\/1977467"}],"wp:attachment":[{"href":"https:\/\/eu.tilta.com\/de\/wp-json\/wp\/v2\/media?parent=1975969"}],"wp:term":[{"taxonomy":"product_cat","embeddable":true,"href":"https:\/\/eu.tilta.com\/de\/wp-json\/wp\/v2\/product_cat?post=1975969"},{"taxonomy":"product_tag","embeddable":true,"href":"https:\/\/eu.tilta.com\/de\/wp-json\/wp\/v2\/product_tag?post=1975969"}],"curies":[{"name":"wp","href":"https:\/\/api.w.org\/{rel}","templated":true}]}}