{"id":1975970,"date":"2024-03-01T12:15:28","date_gmt":"2024-03-01T11:15:28","guid":{"rendered":"https:\/\/de.tilta.com\/shop\/erweiterte-weiche-tragetasche-fuer-nucleus-nano-ii\/"},"modified":"2026-02-24T06:45:05","modified_gmt":"2026-02-24T05:45:05","slug":"advanced-soft-carrying-case-for-nucleus-nano-ii-2","status":"publish","type":"product","link":"https:\/\/eu.tilta.com\/de\/shop\/advanced-soft-carrying-case-for-nucleus-nano-ii-2\/","title":{"rendered":"Erweiterte weiche Tragetasche f\u00fcr Nucleus Nano II"},"content":{"rendered":"<p>Diese Advanced Soft Shell Tragetasche ist die perfekte Option, um Ihren Nucleus Nano II sicher und organisiert aufzubewahren oder zu transportieren.<\/p>\n<p>Die eingebauten Trennw\u00e4nde bieten praktische Aufbewahrungsm\u00f6glichkeiten f\u00fcr das Handrad des Nano II, den Steuergriff, mehrere Motoren sowie f\u00fcr kleineres Zubeh\u00f6r und verschiedene Kabel.<\/p>\n<p>Diese Tragetasche dient als Ersatz f\u00fcr die Tasche, die dem Steuergriff-Kit beiliegt, und kann auch zur Aufbewahrung der Komponenten des Kits verwendet werden, wenn sie separat erworben wurde.<\/p>\n","protected":false},"excerpt":{"rendered":"<p>Diese Advanced Soft Shell Tragetasche ist die perfekte Option, um Ihren Nucleus Nano II sicher und organisiert aufzubewahren oder zu transportieren. Die eingebauten Trennw\u00e4nde bieten praktische Aufbewahrungsm\u00f6glichkeiten f\u00fcr das Handrad des Nano II, den Steuergriff, mehrere Motoren sowie f\u00fcr kleineres [&hellip;]<\/p>\n","protected":false},"featured_media":1977120,"comment_status":"closed","ping_status":"closed","template":"","meta":[],"product_cat":[1066],"product_tag":[],"acf":[],"gallery_images":[1977123,1977124],"_links":{"self":[{"href":"https:\/\/eu.tilta.com\/de\/wp-json\/wp\/v2\/product\/1975970"}],"collection":[{"href":"https:\/\/eu.tilta.com\/de\/wp-json\/wp\/v2\/product"}],"about":[{"href":"https:\/\/eu.tilta.com\/de\/wp-json\/wp\/v2\/types\/product"}],"replies":[{"embeddable":true,"href":"https:\/\/eu.tilta.com\/de\/wp-json\/wp\/v2\/comments?post=1975970"}],"wp:featuredmedia":[{"embeddable":true,"href":"https:\/\/eu.tilta.com\/de\/wp-json\/wp\/v2\/media\/1977120"}],"wp:attachment":[{"href":"https:\/\/eu.tilta.com\/de\/wp-json\/wp\/v2\/media?parent=1975970"}],"wp:term":[{"taxonomy":"product_cat","embeddable":true,"href":"https:\/\/eu.tilta.com\/de\/wp-json\/wp\/v2\/product_cat?post=1975970"},{"taxonomy":"product_tag","embeddable":true,"href":"https:\/\/eu.tilta.com\/de\/wp-json\/wp\/v2\/product_tag?post=1975970"}],"curies":[{"name":"wp","href":"https:\/\/api.w.org\/{rel}","templated":true}]}}