{"id":1975974,"date":"2024-02-23T18:31:48","date_gmt":"2024-02-23T17:31:48","guid":{"rendered":"https:\/\/de.tilta.com\/shop\/tilta-verstellbare-telefonhalterung-1-4-20-schwarz\/"},"modified":"2025-12-05T12:26:13","modified_gmt":"2025-12-05T11:26:13","slug":"tilta-adjustable-phone-mounting-bracket-1-4-20-black","status":"publish","type":"product","link":"https:\/\/eu.tilta.com\/de\/shop\/tilta-adjustable-phone-mounting-bracket-1-4-20-black\/","title":{"rendered":"Tilta Verstellbare Telefonhalterung (1\/4&#8243;-20) &#8211; Schwarz"},"content":{"rendered":"<p>Wir stellen Ihnen die verstellbare Tilta Telefonhalterung vor, die perfekte leichte Option zur Erweiterung der Videofunktionen Ihres Smartphones.<\/p>\n<p>Die Halterung verf\u00fcgt \u00fcber ein 1\/4-20&#8221;-Gewinde mit multidirektionalen Fixierpunkten, die sich perfekt f\u00fcr die Befestigung von Smartphones an Stativen verschiedener Gr\u00f6\u00dfen eignen.<\/p>\n<p>Er kann auch mit Gelenkarmen und Saugn\u00e4pfen f\u00fcr den Einsatz in engen R\u00e4umen, wie z.B. in Fahrzeugen, verwendet werden.<\/p>\n<p>An der Oberseite der Halterung befindet sich ein Einweg-Kaltschuh-Empf\u00e4nger, der Zubeh\u00f6r wie Bordlichter und Mikrofone unterst\u00fctzt.<\/p>\n<p>Silikonpads dienen als zus\u00e4tzlicher Schutz, verhindern Kratzer und sorgen f\u00fcr einen ged\u00e4mpften Klemmvorgang.<\/p>\n<p>Klemmenbereich 58,5 &#8211; 110mm. Unterst\u00fctzt Ger\u00e4te mit einer Dicke von bis zu 15 mm. Kompatibel mit den meisten Smartphones<\/p>\n","protected":false},"excerpt":{"rendered":"<p>Wir stellen Ihnen die verstellbare Tilta Telefonhalterung vor, die perfekte leichte Option zur Erweiterung der Videofunktionen Ihres Smartphones. Die Halterung verf\u00fcgt \u00fcber ein 1\/4-20&#8221;-Gewinde mit multidirektionalen Fixierpunkten, die sich perfekt f\u00fcr die Befestigung von Smartphones an Stativen verschiedener Gr\u00f6\u00dfen eignen. [&hellip;]<\/p>\n","protected":false},"featured_media":1977617,"comment_status":"closed","ping_status":"closed","template":"","meta":[],"product_cat":[1214,1248],"product_tag":[],"acf":[],"gallery_images":[1974881,1974882,1974883,1974884,1974885,1974886,1974887],"_links":{"self":[{"href":"https:\/\/eu.tilta.com\/de\/wp-json\/wp\/v2\/product\/1975974"}],"collection":[{"href":"https:\/\/eu.tilta.com\/de\/wp-json\/wp\/v2\/product"}],"about":[{"href":"https:\/\/eu.tilta.com\/de\/wp-json\/wp\/v2\/types\/product"}],"replies":[{"embeddable":true,"href":"https:\/\/eu.tilta.com\/de\/wp-json\/wp\/v2\/comments?post=1975974"}],"wp:featuredmedia":[{"embeddable":true,"href":"https:\/\/eu.tilta.com\/de\/wp-json\/wp\/v2\/media\/1977617"}],"wp:attachment":[{"href":"https:\/\/eu.tilta.com\/de\/wp-json\/wp\/v2\/media?parent=1975974"}],"wp:term":[{"taxonomy":"product_cat","embeddable":true,"href":"https:\/\/eu.tilta.com\/de\/wp-json\/wp\/v2\/product_cat?post=1975974"},{"taxonomy":"product_tag","embeddable":true,"href":"https:\/\/eu.tilta.com\/de\/wp-json\/wp\/v2\/product_tag?post=1975974"}],"curies":[{"name":"wp","href":"https:\/\/api.w.org\/{rel}","templated":true}]}}