{"id":1975977,"date":"2024-01-31T22:16:36","date_gmt":"2024-01-31T21:16:36","guid":{"rendered":"https:\/\/de.tilta.com\/shop\/tilta-zombie-rig-boomole-support-system\/"},"modified":"2025-12-05T12:26:25","modified_gmt":"2025-12-05T11:26:25","slug":"tilta-zombie-rig-boompole-support-system-2","status":"publish","type":"product","link":"https:\/\/eu.tilta.com\/de\/shop\/tilta-zombie-rig-boompole-support-system-2\/","title":{"rendered":"Tilta Zombie Rig Boomole Support System"},"content":{"rendered":"<p><em>Wir stellen die n\u00e4chste Generation von Produktions-Sound-Support-Systemen vor.<\/em><\/p>\n<p>Das Zombie Rig ist das neue universelle Tr\u00e4gersystem f\u00fcr Boom-Operatoren, das das Gewicht umverteilt und die Flexibilit\u00e4t beim Mischen von Audiopegeln w\u00e4hrend des Betriebs verbessert.<\/p>\n<p>Das Design basiert auf einem zentralen St\u00fctzmast, der \u00fcber einen Baby-Pin-Empf\u00e4nger an einer Vielzahl von Tonmischertaschen befestigt wird.<\/p>\n<p>So k\u00f6nnen Sie das System nicht nur an der Mischertasche befestigen, sondern auch an einer Weste eines Drittanbieters oder sogar an einem C-St\u00e4nder f\u00fcr den erweiterten Einsatz.<\/p>\n<p>Die mitgelieferten Halterungen lassen sich durch die Verwendung von Unterlegscheiben in verschiedenen Gr\u00f6\u00dfen problemlos an eine Vielzahl von Auslegermodellen anpassen und gew\u00e4hrleisten so eine nahtlose Kompatibilit\u00e4t mit verschiedenen Marken.<\/p>\n<p>Der wichtigste Teil des Designs ist der Bedienb\u00fcgel, der am hinteren Ende der Galgenstange befestigt wird und eine einfache Einstellung der Mikrofonrichtung erm\u00f6glicht.<\/p>\n<p>Der Benutzer kann dann eine gegenl\u00e4ufige Halterung anbringen, um die L\u00e4nge des Auslegers perfekt auszubalancieren, w\u00e4hrend er den Ausleger leicht vertikal man\u00f6vrieren und um bis zu 360\u00b0 schwenken kann.<\/p>\n<p>Dies erm\u00f6glicht eine m\u00fchelose Bedienung und entlastet die H\u00e4nde des Anwenders von der Last des Mikrofons, was die M\u00f6glichkeit er\u00f6ffnet, die Audiopegel zu mischen, w\u00e4hrend Sie das Mikrofon bedienen.<\/p>\n<p>Dank seines modularen Aufbaus kann das Tilta Zombie Rig System zerlegt und effizient gelagert werden und ben\u00f6tigt weniger als 1 Meter L\u00e4nge. Im Lieferumfang ist au\u00dferdem eine kostenlose Tragetasche f\u00fcr den einfachen Transport enthalten.<\/p>\n<p>Konstruiert aus hochfester Kohlefaser, verst\u00e4rkt mit patentierten mechanischen Strukturen f\u00fcr dauerhafte Stabilit\u00e4t.<\/p>\n","protected":false},"excerpt":{"rendered":"<p>Wir stellen die n\u00e4chste Generation von Produktions-Sound-Support-Systemen vor. Das Zombie Rig ist das neue universelle Tr\u00e4gersystem f\u00fcr Boom-Operatoren, das das Gewicht umverteilt und die Flexibilit\u00e4t beim Mischen von Audiopegeln w\u00e4hrend des Betriebs verbessert. Das Design basiert auf einem zentralen St\u00fctzmast, [&hellip;]<\/p>\n","protected":false},"featured_media":1977248,"comment_status":"closed","ping_status":"closed","template":"","meta":[],"product_cat":[1393],"product_tag":[],"acf":[],"gallery_images":[1977279,1977280,1977281,1977282,1977283,1977284,1977285,1977286,1977287],"_links":{"self":[{"href":"https:\/\/eu.tilta.com\/de\/wp-json\/wp\/v2\/product\/1975977"}],"collection":[{"href":"https:\/\/eu.tilta.com\/de\/wp-json\/wp\/v2\/product"}],"about":[{"href":"https:\/\/eu.tilta.com\/de\/wp-json\/wp\/v2\/types\/product"}],"replies":[{"embeddable":true,"href":"https:\/\/eu.tilta.com\/de\/wp-json\/wp\/v2\/comments?post=1975977"}],"wp:featuredmedia":[{"embeddable":true,"href":"https:\/\/eu.tilta.com\/de\/wp-json\/wp\/v2\/media\/1977248"}],"wp:attachment":[{"href":"https:\/\/eu.tilta.com\/de\/wp-json\/wp\/v2\/media?parent=1975977"}],"wp:term":[{"taxonomy":"product_cat","embeddable":true,"href":"https:\/\/eu.tilta.com\/de\/wp-json\/wp\/v2\/product_cat?post=1975977"},{"taxonomy":"product_tag","embeddable":true,"href":"https:\/\/eu.tilta.com\/de\/wp-json\/wp\/v2\/product_tag?post=1975977"}],"curies":[{"name":"wp","href":"https:\/\/api.w.org\/{rel}","templated":true}]}}