{"id":1975978,"date":"2024-02-23T18:30:02","date_gmt":"2024-02-23T17:30:02","guid":{"rendered":"https:\/\/de.tilta.com\/shop\/multifunktionale-befestigungsklammer-fuer-apple-ipad-schwarz\/"},"modified":"2025-12-05T12:26:26","modified_gmt":"2025-12-05T11:26:26","slug":"multi-functional-mounting-clamp-for-apple-ipad-black","status":"publish","type":"product","link":"https:\/\/eu.tilta.com\/de\/shop\/multi-functional-mounting-clamp-for-apple-ipad-black\/","title":{"rendered":"Multifunktionale Befestigungsklammer f\u00fcr Apple iPad &#8211; Schwarz"},"content":{"rendered":"<p>Wir stellen Ihnen die Multifunktionshalterung f\u00fcr Apple iPad Features vor, die perfekte leichte Option zur Erweiterung der Videofunktionen Ihres Tablets.<\/p>\n<p>Diese Halterung nimmt Zubeh\u00f6r \u00fcber 1\/4&#8243;-Gewinde auf, darunter Gelenkarme, Powerbankhalter und Festplattenklemmen.<\/p>\n<p>Diese Halterung ist auch mit Arca-Standard-Basisplatten, Stativk\u00f6pfen und anderem Zubeh\u00f6r kompatibel und unterst\u00fctzt 90\u00b0-\u00dcberg\u00e4nge zwischen horizontalen und vertikalen Ausrichtungen.<\/p>\n<p>An der Oberseite der Halterung befindet sich ein Einweg-Kaltschuh-Empf\u00e4nger, der Zubeh\u00f6r wie Bordlichter und Mikrofone unterst\u00fctzt.<\/p>\n<p>Die Halterung verf\u00fcgt auf jeder Seite \u00fcber eine ausziehbare Klemme, die eine einfache Montage von Ger\u00e4ten zwischen 105 mm und 240 mm erm\u00f6glicht.<\/p>\n<p>Die Klemme passt sich der Ober-, Unter- und R\u00fcckseite kompatibler Ger\u00e4te an und sorgt so f\u00fcr einen stabilen Halt. Die rutschfesten Gummipads bieten zus\u00e4tzlichen Schutz.<\/p>\n<p>Kompakt f\u00fcr die Aufbewahrung, leicht und tragbar. Es wiegt nur 180 Gramm und ist leicht zu tragen.<\/p>\n","protected":false},"excerpt":{"rendered":"<p>Wir stellen Ihnen die Multifunktionshalterung f\u00fcr Apple iPad Features vor, die perfekte leichte Option zur Erweiterung der Videofunktionen Ihres Tablets. Diese Halterung nimmt Zubeh\u00f6r \u00fcber 1\/4&#8243;-Gewinde auf, darunter Gelenkarme, Powerbankhalter und Festplattenklemmen. Diese Halterung ist auch mit Arca-Standard-Basisplatten, Stativk\u00f6pfen und [&hellip;]<\/p>\n","protected":false},"featured_media":1977576,"comment_status":"closed","ping_status":"closed","template":"","meta":[],"product_cat":[1214,1248],"product_tag":[],"acf":[],"gallery_images":[1977597,1977598,1977599,1977600,1977601,1977602],"_links":{"self":[{"href":"https:\/\/eu.tilta.com\/de\/wp-json\/wp\/v2\/product\/1975978"}],"collection":[{"href":"https:\/\/eu.tilta.com\/de\/wp-json\/wp\/v2\/product"}],"about":[{"href":"https:\/\/eu.tilta.com\/de\/wp-json\/wp\/v2\/types\/product"}],"replies":[{"embeddable":true,"href":"https:\/\/eu.tilta.com\/de\/wp-json\/wp\/v2\/comments?post=1975978"}],"wp:featuredmedia":[{"embeddable":true,"href":"https:\/\/eu.tilta.com\/de\/wp-json\/wp\/v2\/media\/1977576"}],"wp:attachment":[{"href":"https:\/\/eu.tilta.com\/de\/wp-json\/wp\/v2\/media?parent=1975978"}],"wp:term":[{"taxonomy":"product_cat","embeddable":true,"href":"https:\/\/eu.tilta.com\/de\/wp-json\/wp\/v2\/product_cat?post=1975978"},{"taxonomy":"product_tag","embeddable":true,"href":"https:\/\/eu.tilta.com\/de\/wp-json\/wp\/v2\/product_tag?post=1975978"}],"curies":[{"name":"wp","href":"https:\/\/api.w.org\/{rel}","templated":true}]}}