{"id":1975980,"date":"2024-01-31T22:07:56","date_gmt":"2024-01-31T21:07:56","guid":{"rendered":"https:\/\/de.tilta.com\/shop\/tilta-universal-wasserwaage\/"},"modified":"2025-12-05T12:26:41","modified_gmt":"2025-12-05T11:26:41","slug":"tilta-universal-bubble-level","status":"publish","type":"product","link":"https:\/\/eu.tilta.com\/de\/shop\/tilta-universal-bubble-level\/","title":{"rendered":"Tilta Universal-Wasserwaage"},"content":{"rendered":"<p>Die Tilta Universal-Wasserwaage ist die perfekte Option, um Ihr Kamerasystem mit einer Wasserwaage auszustatten, ohne auf ein Stativ angewiesen zu sein.<\/p>\n<p>Die drehbaren Optionen lassen sich nahtlos in 90\u00b0-Schritten drehen, so dass Sie Ihren Horizont sowohl f\u00fcr die horizontale als auch f\u00fcr die vertikale Achse einfach \u00fcberpr\u00fcfen k\u00f6nnen.<\/p>\n<p>Die kleinere Universal-Option ist ideal f\u00fcr leichte, handgehaltene Modelle, damit die Bediener die Aufnahme gerade halten k\u00f6nnen.<\/p>\n<p>Das ergonomische Design des Daumenknopfs sorgt bei beiden Versionen f\u00fcr eine m\u00fchelose, werkzeuglose Installation.<\/p>\n<p>Beide Zubeh\u00f6rteile sind mit 5 g und 17,5 g bemerkenswert leicht. Dieses kompakte Accessoire ist auf Tragbarkeit ausgelegt, ohne Kompromisse bei der Funktionalit\u00e4t einzugehen.<\/p>\n<p>Mit der Tilta Universal-Wasserwaage, bei der Pr\u00e4zision auf Praktikabilit\u00e4t trifft, k\u00f6nnen Sie Ihr Nivellierverhalten verbessern.<\/p>\n","protected":false},"excerpt":{"rendered":"<p>Die Tilta Universal-Wasserwaage ist die perfekte Option, um Ihr Kamerasystem mit einer Wasserwaage auszustatten, ohne auf ein Stativ angewiesen zu sein. Die drehbaren Optionen lassen sich nahtlos in 90\u00b0-Schritten drehen, so dass Sie Ihren Horizont sowohl f\u00fcr die horizontale als [&hellip;]<\/p>\n","protected":false},"featured_media":1977436,"comment_status":"closed","ping_status":"closed","template":"","meta":[],"product_cat":[1214,1219],"product_tag":[],"acf":[],"gallery_images":[1977441,1977442,1977443,1977444],"_links":{"self":[{"href":"https:\/\/eu.tilta.com\/de\/wp-json\/wp\/v2\/product\/1975980"}],"collection":[{"href":"https:\/\/eu.tilta.com\/de\/wp-json\/wp\/v2\/product"}],"about":[{"href":"https:\/\/eu.tilta.com\/de\/wp-json\/wp\/v2\/types\/product"}],"replies":[{"embeddable":true,"href":"https:\/\/eu.tilta.com\/de\/wp-json\/wp\/v2\/comments?post=1975980"}],"wp:featuredmedia":[{"embeddable":true,"href":"https:\/\/eu.tilta.com\/de\/wp-json\/wp\/v2\/media\/1977436"}],"wp:attachment":[{"href":"https:\/\/eu.tilta.com\/de\/wp-json\/wp\/v2\/media?parent=1975980"}],"wp:term":[{"taxonomy":"product_cat","embeddable":true,"href":"https:\/\/eu.tilta.com\/de\/wp-json\/wp\/v2\/product_cat?post=1975980"},{"taxonomy":"product_tag","embeddable":true,"href":"https:\/\/eu.tilta.com\/de\/wp-json\/wp\/v2\/product_tag?post=1975980"}],"curies":[{"name":"wp","href":"https:\/\/api.w.org\/{rel}","templated":true}]}}