{"id":1975981,"date":"2024-02-22T20:50:27","date_gmt":"2024-02-22T19:50:27","guid":{"rendered":"https:\/\/de.tilta.com\/shop\/advanced-side-focus-handgriff-usb-c-steuerkabel-fuer-nucleus-nano-ii-motor-30cm\/"},"modified":"2025-12-05T12:26:27","modified_gmt":"2025-12-05T11:26:27","slug":"advanced-side-focus-handle-usb-c-control-cable-for-nucleus-nano-ii-motor-30cm","status":"publish","type":"product","link":"https:\/\/eu.tilta.com\/de\/shop\/advanced-side-focus-handle-usb-c-control-cable-for-nucleus-nano-ii-motor-30cm\/","title":{"rendered":"Advanced Side Focus Handgriff USB-C Steuerkabel f\u00fcr Nucleus Nano II Motor (30cm)"},"content":{"rendered":"<p>Mit diesem USB-C-auf-USB-C-Kabel k\u00f6nnen Sie den Nucleus Nano II Motor \u00fcber den Advanced Side Focus Handle steuern und mit Strom versorgen.<\/p>\n<p>Die L\u00e4nge von 30 cm bietet Flexibilit\u00e4t bei der Verwendung unterschiedlich gro\u00dfer Objektive und Griffpositionen.<\/p>\n","protected":false},"excerpt":{"rendered":"<p>Mit diesem USB-C-auf-USB-C-Kabel k\u00f6nnen Sie den Nucleus Nano II Motor \u00fcber den Advanced Side Focus Handle steuern und mit Strom versorgen. Die L\u00e4nge von 30 cm bietet Flexibilit\u00e4t bei der Verwendung unterschiedlich gro\u00dfer Objektive und Griffpositionen.<\/p>\n","protected":false},"featured_media":1977647,"comment_status":"closed","ping_status":"closed","template":"","meta":[],"product_cat":[1066,1264],"product_tag":[],"acf":[],"gallery_images":[1977649],"_links":{"self":[{"href":"https:\/\/eu.tilta.com\/de\/wp-json\/wp\/v2\/product\/1975981"}],"collection":[{"href":"https:\/\/eu.tilta.com\/de\/wp-json\/wp\/v2\/product"}],"about":[{"href":"https:\/\/eu.tilta.com\/de\/wp-json\/wp\/v2\/types\/product"}],"replies":[{"embeddable":true,"href":"https:\/\/eu.tilta.com\/de\/wp-json\/wp\/v2\/comments?post=1975981"}],"wp:featuredmedia":[{"embeddable":true,"href":"https:\/\/eu.tilta.com\/de\/wp-json\/wp\/v2\/media\/1977647"}],"wp:attachment":[{"href":"https:\/\/eu.tilta.com\/de\/wp-json\/wp\/v2\/media?parent=1975981"}],"wp:term":[{"taxonomy":"product_cat","embeddable":true,"href":"https:\/\/eu.tilta.com\/de\/wp-json\/wp\/v2\/product_cat?post=1975981"},{"taxonomy":"product_tag","embeddable":true,"href":"https:\/\/eu.tilta.com\/de\/wp-json\/wp\/v2\/product_tag?post=1975981"}],"curies":[{"name":"wp","href":"https:\/\/api.w.org\/{rel}","templated":true}]}}