{"id":1975982,"date":"2024-02-03T00:00:40","date_gmt":"2024-02-02T23:00:40","guid":{"rendered":"https:\/\/de.tilta.com\/shop\/voller-kamerakaefig-plus-fuer-sony-burano\/"},"modified":"2025-12-05T12:26:28","modified_gmt":"2025-12-05T11:26:28","slug":"full-camera-cage-plus-for-sony-burano","status":"publish","type":"product","link":"https:\/\/eu.tilta.com\/de\/shop\/full-camera-cage-plus-for-sony-burano\/","title":{"rendered":"Voller Kamerak\u00e4fig Plus f\u00fcr Sony BURANO"},"content":{"rendered":"<p>Dieser vollst\u00e4ndige Kamerak\u00e4fig bietet Schutz f\u00fcr das Kamerageh\u00e4use und erm\u00f6glicht die Montage verschiedener Zubeh\u00f6rteile, um die Funktionalit\u00e4t der Kamera zu verbessern.<\/p>\n<p>Dieser Kamerak\u00e4fig verf\u00fcgt \u00fcber eine Vielzahl von Befestigungspunkten, darunter Arri Standard-Rosetten, 15-mm-Stabhalter, 1\/4\u2033-20-Gewinde und 3\/8\u2033-16-Gewinde, beide mit Fixierpunkten.<\/p>\n<p>Die Arri Standard-Rosetten sind so positioniert, dass sie mit den Rosetten auf dem Original-Kamerageh\u00e4use identisch sind und mit dem Original-Steuerungsgriff kompatibel sind.<\/p>\n<p>Der 15-mm-Stabhalter kann an der oberen Platte oder den Seitenarmen befestigt werden, die flexible Optionen f\u00fcr Objektivsteuerungsmotoren, Objektivhalterungen und vertikale Kamerakonfigurationen bieten.<\/p>\n<p>Die mitgelieferte 15-mm-LWS-Grundplatte und die beiden 15-mm-Stangen erm\u00f6glichen die Montage von Zubeh\u00f6r, das auf Stangen basiert, wie z.B. Matteboxen und Follow-Focus-Systeme. Die Unterseite der Grundplatte l\u00e4sst sich mit unseren Tilta-Schwalbenschw\u00e4nzen verbinden und verf\u00fcgt \u00fcber 1\/4\u2033-20 und 3\/8\u2033-16 Gewinde.<\/p>\n<p>Dieser K\u00e4fig enth\u00e4lt au\u00dferdem eine seitliche Montageplatte, die sich in H\u00f6he und Winkel verstellen l\u00e4sst. Sie kann an mehreren Befestigungspunkten auf der Top Plate befestigt werden, um die Funktionalit\u00e4t dieser Platte zu erweitern.<\/p>\n<p>Die Top Plate bietet au\u00dferdem einen speziellen Steckplatz f\u00fcr den originalen Top Handle der Kamera. Der mitgelieferte Top Handle bietet verschiedene Befestigungspunkte und verbessert die M\u00f6glichkeiten zur Handhabung des Systems.<\/p>\n<p>Ebenfalls enthalten ist das Multi-Functional Mini Tool Kit, ein kompaktes, robustes und vielseitiges Werkzeugset f\u00fcr Kamerak\u00e4fige und Halterungssysteme mit sechs Universalwerkzeugen.<\/p>\n<p>Der Kamerak\u00e4fig besteht aus einer hochfesten Aluminiumlegierung der Serie 7000, die leicht und langlebig ist.<\/p>\n<p>&nbsp;<\/p>\n","protected":false},"excerpt":{"rendered":"<p>Dieser vollst\u00e4ndige Kamerak\u00e4fig bietet Schutz f\u00fcr das Kamerageh\u00e4use und erm\u00f6glicht die Montage verschiedener Zubeh\u00f6rteile, um die Funktionalit\u00e4t der Kamera zu verbessern. Dieser Kamerak\u00e4fig verf\u00fcgt \u00fcber eine Vielzahl von Befestigungspunkten, darunter Arri Standard-Rosetten, 15-mm-Stabhalter, 1\/4\u2033-20-Gewinde und 3\/8\u2033-16-Gewinde, beide mit Fixierpunkten. Die [&hellip;]<\/p>\n","protected":false},"featured_media":1977546,"comment_status":"closed","ping_status":"closed","template":"","meta":[],"product_cat":[1434],"product_tag":[],"acf":[],"gallery_images":[1977554,1977555,1977502,1977487,1977503,1977556,1977557,1977558,1977559,1977560],"_links":{"self":[{"href":"https:\/\/eu.tilta.com\/de\/wp-json\/wp\/v2\/product\/1975982"}],"collection":[{"href":"https:\/\/eu.tilta.com\/de\/wp-json\/wp\/v2\/product"}],"about":[{"href":"https:\/\/eu.tilta.com\/de\/wp-json\/wp\/v2\/types\/product"}],"replies":[{"embeddable":true,"href":"https:\/\/eu.tilta.com\/de\/wp-json\/wp\/v2\/comments?post=1975982"}],"wp:featuredmedia":[{"embeddable":true,"href":"https:\/\/eu.tilta.com\/de\/wp-json\/wp\/v2\/media\/1977546"}],"wp:attachment":[{"href":"https:\/\/eu.tilta.com\/de\/wp-json\/wp\/v2\/media?parent=1975982"}],"wp:term":[{"taxonomy":"product_cat","embeddable":true,"href":"https:\/\/eu.tilta.com\/de\/wp-json\/wp\/v2\/product_cat?post=1975982"},{"taxonomy":"product_tag","embeddable":true,"href":"https:\/\/eu.tilta.com\/de\/wp-json\/wp\/v2\/product_tag?post=1975982"}],"curies":[{"name":"wp","href":"https:\/\/api.w.org\/{rel}","templated":true}]}}