{"id":1975985,"date":"2024-02-07T01:05:45","date_gmt":"2024-02-07T00:05:45","guid":{"rendered":"https:\/\/de.tilta.com\/shop\/nucleus-nano-ii-power-handgriff\/"},"modified":"2025-12-05T12:26:29","modified_gmt":"2025-12-05T11:26:29","slug":"nucleus-nano-ii-power-handgriff","status":"publish","type":"product","link":"https:\/\/eu.tilta.com\/de\/shop\/nucleus-nano-ii-power-handgriff\/","title":{"rendered":"Nucleus Nano II Power Handgriff"},"content":{"rendered":"<p><em>Wir stellen den Nucleus Nano II Power Handle vor!<\/em><\/p>\n<p>Dieser Griff wird mit einem Akku der Sony L-Serie (F550\/570) betrieben und kann Strom an das Nucleus Nano II Handrad senden, um die Lebensdauer des Akkus zu verl\u00e4ngern. (Batterie nicht enthalten)<\/p>\n<p>Mit diesem Griff k\u00f6nnen Sie auch Zubeh\u00f6r \u00fcber die integrierten USB-C- und DC-Stromausg\u00e4nge mit Strom versorgen.<\/p>\n<p>Der Griff verf\u00fcgt \u00fcber ein 1\/4\u2033-20 Gewinde mit Aufnahmepunkten, die sich perfekt f\u00fcr die Montage unseres <a href=\"https:\/\/tilta.com\/shop\/tilta-right-angle-rosette-adapter-to-1-4-20-with-locating-pins-black\/\">rechtwinkligen Rosettenadapters<\/a> eignen, um diesen Griff einfach in ein Schulter-Rig-Setup zu integrieren.<\/p>\n<p>An der Oberseite des Griffs befindet sich au\u00dferdem ein Kaltschuh-Empf\u00e4nger, der mit unserer optionalen Kaltschuhhalterung f\u00fcr einen externen Monitor verwendet werden kann, um in Verbindung mit dem Handrad die perfekte Station f\u00fcr das Ziehen des Fokus zu schaffen.<\/p>\n<p><strong>HINWEIS: Die NATO-Halterung ist nur f\u00fcr das Nano II Handrad vorgesehen. Schlie\u00dfen Sie kein anderes Zubeh\u00f6r \u00fcber diese NATO-Halterung an, da Sie sonst Gefahr laufen, die Kontaktstifte zu besch\u00e4digen.<\/strong><\/p>\n<p><strong>Wir empfehlen, nur Sony L-Series F550 Akkus zu verwenden. Die Kompatibilit\u00e4t mit anderen Marken wird nicht garantiert.<\/strong><\/p>\n","protected":false},"excerpt":{"rendered":"<p>Wir stellen den Nucleus Nano II Power Handle vor! Dieser Griff wird mit einem Akku der Sony L-Serie (F550\/570) betrieben und kann Strom an das Nucleus Nano II Handrad senden, um die Lebensdauer des Akkus zu verl\u00e4ngern. (Batterie nicht enthalten) [&hellip;]<\/p>\n","protected":false},"featured_media":1977540,"comment_status":"closed","ping_status":"closed","template":"","meta":[],"product_cat":[1066],"product_tag":[],"acf":[],"gallery_images":[1974822,1974823,1974824,1974825,1974826,1974827,1974828,1974829,1974830],"_links":{"self":[{"href":"https:\/\/eu.tilta.com\/de\/wp-json\/wp\/v2\/product\/1975985"}],"collection":[{"href":"https:\/\/eu.tilta.com\/de\/wp-json\/wp\/v2\/product"}],"about":[{"href":"https:\/\/eu.tilta.com\/de\/wp-json\/wp\/v2\/types\/product"}],"replies":[{"embeddable":true,"href":"https:\/\/eu.tilta.com\/de\/wp-json\/wp\/v2\/comments?post=1975985"}],"wp:featuredmedia":[{"embeddable":true,"href":"https:\/\/eu.tilta.com\/de\/wp-json\/wp\/v2\/media\/1977540"}],"wp:attachment":[{"href":"https:\/\/eu.tilta.com\/de\/wp-json\/wp\/v2\/media?parent=1975985"}],"wp:term":[{"taxonomy":"product_cat","embeddable":true,"href":"https:\/\/eu.tilta.com\/de\/wp-json\/wp\/v2\/product_cat?post=1975985"},{"taxonomy":"product_tag","embeddable":true,"href":"https:\/\/eu.tilta.com\/de\/wp-json\/wp\/v2\/product_tag?post=1975985"}],"curies":[{"name":"wp","href":"https:\/\/api.w.org\/{rel}","templated":true}]}}