{"id":1975986,"date":"2024-02-02T23:59:12","date_gmt":"2024-02-02T22:59:12","guid":{"rendered":"https:\/\/de.tilta.com\/shop\/drehbare-evf-halterung-fuer-sony-burano\/"},"modified":"2026-04-10T16:05:08","modified_gmt":"2026-04-10T14:05:08","slug":"rotatable-evf-bracket-for-sony-burano","status":"publish","type":"product","link":"https:\/\/eu.tilta.com\/de\/shop\/rotatable-evf-bracket-for-sony-burano\/","title":{"rendered":"Drehbare EVF-Halterung f\u00fcr Sony BURANO"},"content":{"rendered":"<p>Wir stellen Ihnen die drehbare EVF-Halterung f\u00fcr die Sony BURANO vor. Sie ist die perfekte Option, um die Flexibilit\u00e4t des elektronischen Suchers der Kamera zu verbessern.<\/p>\n<p>Diese Halterung l\u00e4sst sich \u00fcber eine 15-mm-Stabbefestigung am oberen Handgriff unseres Kamerak\u00e4figs f\u00fcr Sony Burano sowie am originalen oberen Handgriff der Burano befestigen.<\/p>\n<p>Am anderen Ende der Halterung befindet sich eine Halterung f\u00fcr den EVF der Kamera, die gekippt und gedreht werden kann, um den Sucher besser positionieren zu k\u00f6nnen.<\/p>\n<p>Diese Halterung kann auch n\u00e4her oder weiter an die Stangenhalterung angepasst werden, um verschiedene Konfigurationen zu erm\u00f6glichen.<\/p>\n","protected":false},"excerpt":{"rendered":"<p>Wir stellen Ihnen die drehbare EVF-Halterung f\u00fcr die Sony BURANO vor. Sie ist die perfekte Option, um die Flexibilit\u00e4t des elektronischen Suchers der Kamera zu verbessern. Diese Halterung l\u00e4sst sich \u00fcber eine 15-mm-Stabbefestigung am oberen Handgriff unseres Kamerak\u00e4figs f\u00fcr Sony [&hellip;]<\/p>\n","protected":false},"featured_media":1977479,"comment_status":"closed","ping_status":"closed","template":"","meta":[],"product_cat":[1434],"product_tag":[],"acf":[],"gallery_images":[1974780,1974781,1974782,1974783],"_links":{"self":[{"href":"https:\/\/eu.tilta.com\/de\/wp-json\/wp\/v2\/product\/1975986"}],"collection":[{"href":"https:\/\/eu.tilta.com\/de\/wp-json\/wp\/v2\/product"}],"about":[{"href":"https:\/\/eu.tilta.com\/de\/wp-json\/wp\/v2\/types\/product"}],"replies":[{"embeddable":true,"href":"https:\/\/eu.tilta.com\/de\/wp-json\/wp\/v2\/comments?post=1975986"}],"wp:featuredmedia":[{"embeddable":true,"href":"https:\/\/eu.tilta.com\/de\/wp-json\/wp\/v2\/media\/1977479"}],"wp:attachment":[{"href":"https:\/\/eu.tilta.com\/de\/wp-json\/wp\/v2\/media?parent=1975986"}],"wp:term":[{"taxonomy":"product_cat","embeddable":true,"href":"https:\/\/eu.tilta.com\/de\/wp-json\/wp\/v2\/product_cat?post=1975986"},{"taxonomy":"product_tag","embeddable":true,"href":"https:\/\/eu.tilta.com\/de\/wp-json\/wp\/v2\/product_tag?post=1975986"}],"curies":[{"name":"wp","href":"https:\/\/api.w.org\/{rel}","templated":true}]}}