{"id":1975994,"date":"2024-01-18T19:36:52","date_gmt":"2024-01-18T18:36:52","guid":{"rendered":"https:\/\/de.tilta.com\/shop\/cooling-system-for-dji-transmission\/"},"modified":"2025-12-05T12:26:30","modified_gmt":"2025-12-05T11:26:30","slug":"cooling-system-for-dji-transmission-2","status":"publish","type":"product","link":"https:\/\/eu.tilta.com\/de\/shop\/cooling-system-for-dji-transmission-2\/","title":{"rendered":"Cooling System for DJI Transmission"},"content":{"rendered":"<p>Wir stellen das K\u00fchlsystem f\u00fcr DJI Getriebe vor.<\/p>\n<p>Das K\u00fchlsystem wird mit vier M4-Schrauben am DJI Wireless Video Transmitter oder Receiver befestigt und erstreckt sich \u00fcber eine Fl\u00e4che von 78 x 60 mm, die genau auf den hei\u00dfesten Bereich des Ger\u00e4ts ausgerichtet ist, um eine effiziente W\u00e4rmeabfuhr zu gew\u00e4hrleisten.<\/p>\n<p>Dieses Zubeh\u00f6r verwendet eine Halbleiterk\u00fchlung, die mit einer pr\u00e4zisen Schichtstruktur und hochwertigen Halbleitermaterialien entwickelt wurde.<\/p>\n<p>Das Ger\u00e4t kann \u00fcber den USB-C-Anschluss an der Sende-\/Empfangseinheit selbst mit Strom versorgt werden, oder es kann extern \u00fcber eine NPF-Akkuplatte oder eine externe Batteriebank mit PD USB-C mit Strom versorgt werden.<\/p>\n<p>Das K\u00fchlsystem kann mit dem Drehknopf auf der linken Seite zwischen niedriger und hoher Geschwindigkeit eingestellt werden.<\/p>\n","protected":false},"excerpt":{"rendered":"<p>Wir stellen das K\u00fchlsystem f\u00fcr DJI Getriebe vor. Das K\u00fchlsystem wird mit vier M4-Schrauben am DJI Wireless Video Transmitter oder Receiver befestigt und erstreckt sich \u00fcber eine Fl\u00e4che von 78 x 60 mm, die genau auf den hei\u00dfesten Bereich des [&hellip;]<\/p>\n","protected":false},"featured_media":1977224,"comment_status":"closed","ping_status":"closed","template":"","meta":[],"product_cat":[1220],"product_tag":[],"acf":[],"gallery_images":[1974584,1974585,1974586],"_links":{"self":[{"href":"https:\/\/eu.tilta.com\/de\/wp-json\/wp\/v2\/product\/1975994"}],"collection":[{"href":"https:\/\/eu.tilta.com\/de\/wp-json\/wp\/v2\/product"}],"about":[{"href":"https:\/\/eu.tilta.com\/de\/wp-json\/wp\/v2\/types\/product"}],"replies":[{"embeddable":true,"href":"https:\/\/eu.tilta.com\/de\/wp-json\/wp\/v2\/comments?post=1975994"}],"wp:featuredmedia":[{"embeddable":true,"href":"https:\/\/eu.tilta.com\/de\/wp-json\/wp\/v2\/media\/1977224"}],"wp:attachment":[{"href":"https:\/\/eu.tilta.com\/de\/wp-json\/wp\/v2\/media?parent=1975994"}],"wp:term":[{"taxonomy":"product_cat","embeddable":true,"href":"https:\/\/eu.tilta.com\/de\/wp-json\/wp\/v2\/product_cat?post=1975994"},{"taxonomy":"product_tag","embeddable":true,"href":"https:\/\/eu.tilta.com\/de\/wp-json\/wp\/v2\/product_tag?post=1975994"}],"curies":[{"name":"wp","href":"https:\/\/api.w.org\/{rel}","templated":true}]}}