{"id":1975999,"date":"2024-01-23T22:35:33","date_gmt":"2024-01-23T21:35:33","guid":{"rendered":"https:\/\/de.tilta.com\/shop\/tilta-multi-functional-mini-tool-kit\/"},"modified":"2026-05-07T17:07:48","modified_gmt":"2026-05-07T15:07:48","slug":"tilta-multi-functional-mini-tool-kit-2","status":"publish","type":"product","link":"https:\/\/eu.tilta.com\/de\/shop\/tilta-multi-functional-mini-tool-kit-2\/","title":{"rendered":"Tilta Multifunktionaler Mini-Werkzeugsatz"},"content":{"rendered":"<p>Das Tilta Multifunktions-Miniwerkzeugset ist das perfekte kompakte Multiwerkzeug f\u00fcr Ihre Kamerak\u00e4fige und Tr\u00e4gersysteme.<\/p>\n<p>Das Tool enth\u00e4lt sechs Universalwerkzeuge wie Inbusschl\u00fcssel und Schraubendreherk\u00f6pfe f\u00fcr die Montage und Demontage von Ger\u00e4ten sowie f\u00fcr den allt\u00e4glichen Gebrauch.<\/p>\n<p>Dieses Werkzeugset besteht aus einem Rahmen aus Aluminiumlegierung und ist mit Werkzeugen aus legiertem Stahl ausgestattet, die f\u00fcr Langlebigkeit und Rostbest\u00e4ndigkeit sorgen.<\/p>\n<p>Das Ger\u00e4t ist klein genug, um in Ihre Handfl\u00e4che zu passen, und verf\u00fcgt \u00fcber eine praktische Halterung f\u00fcr den Gurt, ideal f\u00fcr den Einsatz unterwegs.<\/p>\n<p>Erh\u00e4ltlich in mehreren Farboptionen, die sich perfekt an Ihren pers\u00f6nlichen Stil anpassen lassen.<\/p>\n","protected":false},"excerpt":{"rendered":"<p>Das Tilta Multifunktions-Miniwerkzeugset ist das perfekte kompakte Multiwerkzeug f\u00fcr Ihre Kamerak\u00e4fige und Tr\u00e4gersysteme. Das Tool enth\u00e4lt sechs Universalwerkzeuge wie Inbusschl\u00fcssel und Schraubendreherk\u00f6pfe f\u00fcr die Montage und Demontage von Ger\u00e4ten sowie f\u00fcr den allt\u00e4glichen Gebrauch. Dieses Werkzeugset besteht aus einem Rahmen [&hellip;]<\/p>\n","protected":false},"featured_media":1977125,"comment_status":"closed","ping_status":"closed","template":"","meta":[],"product_cat":[3382,1434,3294,1078,1073,1079,1080,1082,1083,1084,1085,1086,1087,1088,1089,1090,1091,1092,1093,1094,1095,1096,1097,1098,1099,1273,1274,1100,1101,1102,1103,1104,1105,1106,1107,1108,1109,1110,1111,1112,1113,1114,1117,1118,1119,1120,1121,1122,1123,1124,1125,1126,1071,1127,1128,1129,1130,1131,1132,1133,1134,1135,1136,1137,1254,1247,1192],"product_tag":[],"acf":[],"gallery_images":[1974507,1974508,1974509,1974510,1974511],"_links":{"self":[{"href":"https:\/\/eu.tilta.com\/de\/wp-json\/wp\/v2\/product\/1975999"}],"collection":[{"href":"https:\/\/eu.tilta.com\/de\/wp-json\/wp\/v2\/product"}],"about":[{"href":"https:\/\/eu.tilta.com\/de\/wp-json\/wp\/v2\/types\/product"}],"replies":[{"embeddable":true,"href":"https:\/\/eu.tilta.com\/de\/wp-json\/wp\/v2\/comments?post=1975999"}],"wp:featuredmedia":[{"embeddable":true,"href":"https:\/\/eu.tilta.com\/de\/wp-json\/wp\/v2\/media\/1977125"}],"wp:attachment":[{"href":"https:\/\/eu.tilta.com\/de\/wp-json\/wp\/v2\/media?parent=1975999"}],"wp:term":[{"taxonomy":"product_cat","embeddable":true,"href":"https:\/\/eu.tilta.com\/de\/wp-json\/wp\/v2\/product_cat?post=1975999"},{"taxonomy":"product_tag","embeddable":true,"href":"https:\/\/eu.tilta.com\/de\/wp-json\/wp\/v2\/product_tag?post=1975999"}],"curies":[{"name":"wp","href":"https:\/\/api.w.org\/{rel}","templated":true}]}}