{"id":1976001,"date":"2024-01-23T22:30:37","date_gmt":"2024-01-23T21:30:37","guid":{"rendered":"https:\/\/de.tilta.com\/shop\/tilta-mini-ball-head-mount\/"},"modified":"2025-12-05T12:26:41","modified_gmt":"2025-12-05T11:26:41","slug":"tilta-mini-ball-head-mount-2","status":"publish","type":"product","link":"https:\/\/eu.tilta.com\/de\/shop\/tilta-mini-ball-head-mount-2\/","title":{"rendered":"Tilta Mini-Kugelkopfhalterung"},"content":{"rendered":"<p>Die Mini-Kugelkopfhalterung ist eine kompakte, verstellbare Halterung, mit der Sie verschiedenes Zubeh\u00f6r an Ihrem Kamera-Rigg befestigen k\u00f6nnen, z.B. externe Monitore oder On-Board-Lichter.<\/p>\n<p>Die obere H\u00e4lfte dieser Halterung hat ein 1\/4&#8243;-20 Gewinde mit einer Sicherungsscheibe, die bis zu 1,5 kg \/ 3,3 lbs tr\u00e4gt.<\/p>\n<p>Eine der Optionen verf\u00fcgt \u00fcber eine untere H\u00e4lfte mit einem kalten Schuhanschluss, der sich perfekt f\u00fcr die Befestigung an Kameras, K\u00e4figen, Griffen oder Stativen f\u00fcr verschiedene Aufnahmeszenarien eignet.<\/p>\n<p>Die anderen Optionen verf\u00fcgen \u00fcber eine 1\/4&#8243;-20 Schraube mit Fixierpunkten, die perfekt ist, um eine Drehung zu verhindern und f\u00fcr mehr Stabilit\u00e4t zu sorgen.<\/p>\n<p>Die einseitige \u00d6ffnung des Kugelkopfs erm\u00f6glicht eine vertikale Einstellung von 90\u00b0 und 125\u00b0 sowie eine horizontale Drehung von 360\u00b0.<\/p>\n<p>Die kompakte Gr\u00f6\u00dfe der Mini-Kugelkopfhalterung macht es einfach, sie in der Hand zu halten und unterwegs bequem zu tragen.<\/p>\n","protected":false},"excerpt":{"rendered":"<p>Die Mini-Kugelkopfhalterung ist eine kompakte, verstellbare Halterung, mit der Sie verschiedenes Zubeh\u00f6r an Ihrem Kamera-Rigg befestigen k\u00f6nnen, z.B. externe Monitore oder On-Board-Lichter. Die obere H\u00e4lfte dieser Halterung hat ein 1\/4&#8243;-20 Gewinde mit einer Sicherungsscheibe, die bis zu 1,5 kg \/ [&hellip;]<\/p>\n","protected":false},"featured_media":1977156,"comment_status":"closed","ping_status":"closed","template":"","meta":[],"product_cat":[1218,1211],"product_tag":[],"acf":[],"gallery_images":[1977162,1977163,1977164,1977165,1977166],"_links":{"self":[{"href":"https:\/\/eu.tilta.com\/de\/wp-json\/wp\/v2\/product\/1976001"}],"collection":[{"href":"https:\/\/eu.tilta.com\/de\/wp-json\/wp\/v2\/product"}],"about":[{"href":"https:\/\/eu.tilta.com\/de\/wp-json\/wp\/v2\/types\/product"}],"replies":[{"embeddable":true,"href":"https:\/\/eu.tilta.com\/de\/wp-json\/wp\/v2\/comments?post=1976001"}],"wp:featuredmedia":[{"embeddable":true,"href":"https:\/\/eu.tilta.com\/de\/wp-json\/wp\/v2\/media\/1977156"}],"wp:attachment":[{"href":"https:\/\/eu.tilta.com\/de\/wp-json\/wp\/v2\/media?parent=1976001"}],"wp:term":[{"taxonomy":"product_cat","embeddable":true,"href":"https:\/\/eu.tilta.com\/de\/wp-json\/wp\/v2\/product_cat?post=1976001"},{"taxonomy":"product_tag","embeddable":true,"href":"https:\/\/eu.tilta.com\/de\/wp-json\/wp\/v2\/product_tag?post=1976001"}],"curies":[{"name":"wp","href":"https:\/\/api.w.org\/{rel}","templated":true}]}}