{"id":1976005,"date":"2024-01-23T22:30:13","date_gmt":"2024-01-23T21:30:13","guid":{"rendered":"https:\/\/de.tilta.com\/shop\/accessory-mounting-expander-for-dji-osmo-pocket-3-black\/"},"modified":"2025-12-06T21:48:34","modified_gmt":"2025-12-06T20:48:34","slug":"accessory-mounting-expander-for-dji-osmo-pocket-3-black-2","status":"publish","type":"product","link":"https:\/\/eu.tilta.com\/de\/shop\/accessory-mounting-expander-for-dji-osmo-pocket-3-black-2\/","title":{"rendered":"Zubeh\u00f6r-Montage-Expander f\u00fcr DJI Osmo Pocket 3 &#8211; Schwarz"},"content":{"rendered":"<p>Der Zubeh\u00f6r-Montage-Expander f\u00fcr DJI Osmo Pocket 3 ist das perfekte, leichte Zubeh\u00f6r zur Erweiterung der Montagem\u00f6glichkeiten Ihres DJI Osmo Pocket 3.<\/p>\n<p>Befestigen Sie den offiziellen Griff und das Erweiterungsmodul mit dem unteren 1\/4\u2033-Gewinde an der DJI Osmo Pocket 3, um eine perfekte Passform zu gew\u00e4hrleisten, die den Bildschirm, die Tasten oder die Kamerafunktionen nicht behindert.<\/p>\n<p>Zu den Befestigungspunkten geh\u00f6ren mehrere 1\/4&#8243;-20 Gewinde, NATO-Schienen und ein Schlitz f\u00fcr eine Handschlaufe.<\/p>\n<p>Diese Befestigungspunkte eignen sich perfekt, um die Kamera an verschiedenen Tr\u00e4gersystemen zu befestigen oder um Zubeh\u00f6r wie Gelenkarme zu montieren, die als zweiter Griff f\u00fcr eine komfortablere Bedienung dienen.<\/p>\n<p>Dieser Expander ist mit dem Original DJI Erweiterungsgriff und dem erweiterten Batteriegriff kompatibel. Die Systeme verf\u00fcgen au\u00dferdem \u00fcber integrierte Silikonpads f\u00fcr umfassenden Schutz.<\/p>\n<p>&nbsp;<\/p>\n","protected":false},"excerpt":{"rendered":"<p>Der Zubeh\u00f6r-Montage-Expander f\u00fcr DJI Osmo Pocket 3 ist das perfekte, leichte Zubeh\u00f6r zur Erweiterung der Montagem\u00f6glichkeiten Ihres DJI Osmo Pocket 3. Befestigen Sie den offiziellen Griff und das Erweiterungsmodul mit dem unteren 1\/4\u2033-Gewinde an der DJI Osmo Pocket 3, um [&hellip;]<\/p>\n","protected":false},"featured_media":1977380,"comment_status":"closed","ping_status":"closed","template":"","meta":[],"product_cat":[1453],"product_tag":[],"acf":[],"gallery_images":[1977395,1977396,1977397,1977398,1977399,1977400],"_links":{"self":[{"href":"https:\/\/eu.tilta.com\/de\/wp-json\/wp\/v2\/product\/1976005"}],"collection":[{"href":"https:\/\/eu.tilta.com\/de\/wp-json\/wp\/v2\/product"}],"about":[{"href":"https:\/\/eu.tilta.com\/de\/wp-json\/wp\/v2\/types\/product"}],"replies":[{"embeddable":true,"href":"https:\/\/eu.tilta.com\/de\/wp-json\/wp\/v2\/comments?post=1976005"}],"wp:featuredmedia":[{"embeddable":true,"href":"https:\/\/eu.tilta.com\/de\/wp-json\/wp\/v2\/media\/1977380"}],"wp:attachment":[{"href":"https:\/\/eu.tilta.com\/de\/wp-json\/wp\/v2\/media?parent=1976005"}],"wp:term":[{"taxonomy":"product_cat","embeddable":true,"href":"https:\/\/eu.tilta.com\/de\/wp-json\/wp\/v2\/product_cat?post=1976005"},{"taxonomy":"product_tag","embeddable":true,"href":"https:\/\/eu.tilta.com\/de\/wp-json\/wp\/v2\/product_tag?post=1976005"}],"curies":[{"name":"wp","href":"https:\/\/api.w.org\/{rel}","templated":true}]}}