{"id":1976035,"date":"2021-06-18T10:30:24","date_gmt":"2021-06-18T08:30:24","guid":{"rendered":"https:\/\/de.tilta.com\/shop\/hydra-alien-car-mounting-system-pro-kit\/"},"modified":"2026-03-31T04:37:08","modified_gmt":"2026-03-31T02:37:08","slug":"hydra-alien-car-mounting-system-pro-kit","status":"publish","type":"product","link":"https:\/\/eu.tilta.com\/de\/shop\/hydra-alien-car-mounting-system-pro-kit\/","title":{"rendered":"Hydra Alien Car Mounting System Pro Kit"},"content":{"rendered":"<p><strong>Das Pro Kit enth\u00e4lt das <a href=\"https:\/\/de.tilta.com\/shop\/hydra-alien-car-mounting-system\/\">Hydra Alien Auto-Montagesystem<\/a>, das <a href=\"https:\/\/de.tilta.com\/shop\/remote-control-kit-for-rs-2\/\">Fernbedienungs-Kit <\/a> und die <a href=\"https:\/\/de.tilta.com\/shop\/hydra-alien-monitor-bracket\/\">Hydra Alien Monitorhalterung.<\/a><\/strong><\/p>\n<p>Das Hydra Alien Pro Kit bietet ein komplettes Paket f\u00fcr die flexible Montage im Auto und enth\u00e4lt zus\u00e4tzliches Zubeh\u00f6r f\u00fcr eine pr\u00e4zisere Steuerung und verbesserte Benutzerfreundlichkeit.<\/p>\n<p>Das Pro-Kit enth\u00e4lt das Fernbedienungs-Kit, das eine vollst\u00e4ndige kabelgebundene oder kabellose Steuerung des DJI RS2 oder RS3 Pro erm\u00f6glicht, sowie die Hydra Alien Monitorhalterung, mit der Sie Ihr Filmmaterial leichter \u00fcberwachen k\u00f6nnen, w\u00e4hrend Sie den Ronin steuern.<\/p>\n<p>Das Hydra Alien Car Mounting System wurde von Grund auf f\u00fcr die Zusammenarbeit mit kleineren Gimbals entwickelt, um eine leichte L\u00f6sung f\u00fcr die Kameraf\u00fchrung im Auto zu erm\u00f6glichen.<\/p>\n<p>Das System verwendet eine hochgradig anpassbare Kombination aus schwalbenschwanz\u00e4hnlichen Platten und Saugn\u00e4pfen, die jeweils eine Nutzlast von 50 kg tragen k\u00f6nnen.<\/p>\n<p>Hochelastisches, sto\u00dfd\u00e4mpfendes Silikon sorgt f\u00fcr l\u00e4ngere Haltbarkeit und weniger Abrieb, w\u00e4hrend die aktualisierten Saugnapfstempel eine st\u00e4rkere Abdichtung f\u00fcr mehr Sicherheit bei k\u00e4lterem Wetter bieten.<\/p>\n<p>Wenn das System miteinander verbunden ist, kann der Benutzer die exakte Platzierung seiner Aufnahme feinabstimmen, um fast jeden m\u00f6glichen Winkel bei der Montage an einem Fahrzeug zu erreichen.<\/p>\n<p>Das System verwendet auch einen sto\u00dfd\u00e4mpfenden Arm, um die Kamera bei bestimmten Aufnahmen besser zu stabilisieren, sowie einen federbelasteten Wiegekopf, wenn die beabsichtigte Aufnahme erfordert, dass der Gimbal auf den Kopf gestellt wird.<\/p>\n<p>Der neu hinzugekommene hydraulische D\u00e4mpfungsstab stabilisiert den Arm zus\u00e4tzlich und sorgt so f\u00fcr noch bessere Ergebnisse, wenn die Fahrbedingungen nicht optimal sind.<\/p>\n<p>Der Hydra Alien unterst\u00fctzt die vollst\u00e4ndige kabellose Steuerung des RS2 und RS3 Pro \u00fcber das mitgelieferte Remote Control Kit, mit dem Sie die Einstellungen Ihres Gimbals sowie die Aufnahme- und Fotofunktionen Ihrer Kamera entweder \u00fcber eine kabelgebundene oder kabellose Verbindung steuern k\u00f6nnen.<\/p>\n<p>Au\u00dferdem verf\u00fcgt er \u00fcber einen Thumbstick, mit dem Sie das Schwenken und Neigen Ihres Gimbals steuern k\u00f6nnen, um maximale Pr\u00e4zision bei der Bedienung zu gew\u00e4hrleisten.<\/p>\n<p>Die neue Hartschalen-Sicherheitstasche wurde f\u00fcr die Aufbewahrung und den Schutz des Hydra Alien entwickelt.<\/p>\n<p>So k\u00f6nnen Sie das System sicher zwischen verschiedenen Aufnahmeorten transportieren und es ordentlich aufbewahren, wenn es nicht in Gebrauch ist.<\/p>\n<p>Das wasserdichte Design sch\u00fctzt die Tasche und die Ausr\u00fcstung vor Gefahren wie Regen und Schnee.<\/p>\n<p>Diese Tasche dient als Ersatz f\u00fcr die im Lieferumfang des Hydra Alien enthaltene Tasche, kann aber bei Bedarf auch zur Aufbewahrung anderer Ausr\u00fcstung verwendet werden.<\/p>\n<p>Hoch, niedrig. An der Seite des Autos, auf dem Auto montiert &#8211; mit dem Hydra Alien Car Mounting System l\u00e4sst sich fast jede Aufnahme am Auto konfigurieren. Lassen Sie Ihrer Fantasie freien Lauf!<\/p>\n<p><strong>HINWEIS: Dieses System unterst\u00fctzt jeden Gimbal, der \u00fcber 1\/4\u2033-20 Schrauben montiert und \u00fcber P-Tap mit Strom versorgt werden kann.  <\/strong><strong>Der Fernbedienungshandgriff unterst\u00fctzt nur die RS2 und RS3 Pro.  <\/strong><\/p>\n<p><strong>ACHTUNG: Wir raten davon ab, die Saugn\u00e4pfe an verpackten Fahrzeugen zu verwenden, da es bei direkter Sonneneinstrahlung und Hitze zu Saugproblemen kommen kann.  <\/strong><\/p>\n<p><strong>RS3\/RS3 Pro: Die M-Taste ist NICHT in der Lage, die Funktion des Gimbals zu imitieren. Mit der Taste M auf diesem Ger\u00e4t k\u00f6nnen Sie NUR die Moduseinstellung \u00e4ndern.<\/strong><\/p>\n","protected":false},"excerpt":{"rendered":"<p>Das Pro Kit enth\u00e4lt das Hydra Alien Auto-Montagesystem, das Fernbedienungs-Kit und die Hydra Alien Monitorhalterung. Das Hydra Alien Pro Kit bietet ein komplettes Paket f\u00fcr die flexible Montage im Auto und enth\u00e4lt zus\u00e4tzliches Zubeh\u00f6r f\u00fcr eine pr\u00e4zisere Steuerung und verbesserte [&hellip;]<\/p>\n","protected":false},"featured_media":1966383,"comment_status":"closed","ping_status":"closed","template":"","meta":[],"product_cat":[1138,1062],"product_tag":[],"acf":[],"gallery_images":[1563865,1563759,1565050,1565051,1565052,1565053,1565054],"_links":{"self":[{"href":"https:\/\/eu.tilta.com\/de\/wp-json\/wp\/v2\/product\/1976035"}],"collection":[{"href":"https:\/\/eu.tilta.com\/de\/wp-json\/wp\/v2\/product"}],"about":[{"href":"https:\/\/eu.tilta.com\/de\/wp-json\/wp\/v2\/types\/product"}],"replies":[{"embeddable":true,"href":"https:\/\/eu.tilta.com\/de\/wp-json\/wp\/v2\/comments?post=1976035"}],"wp:featuredmedia":[{"embeddable":true,"href":"https:\/\/eu.tilta.com\/de\/wp-json\/wp\/v2\/media\/1966383"}],"wp:attachment":[{"href":"https:\/\/eu.tilta.com\/de\/wp-json\/wp\/v2\/media?parent=1976035"}],"wp:term":[{"taxonomy":"product_cat","embeddable":true,"href":"https:\/\/eu.tilta.com\/de\/wp-json\/wp\/v2\/product_cat?post=1976035"},{"taxonomy":"product_tag","embeddable":true,"href":"https:\/\/eu.tilta.com\/de\/wp-json\/wp\/v2\/product_tag?post=1976035"}],"curies":[{"name":"wp","href":"https:\/\/api.w.org\/{rel}","templated":true}]}}