{"id":1976038,"date":"2020-11-18T16:36:59","date_gmt":"2020-11-18T15:36:59","guid":{"rendered":"https:\/\/de.tilta.com\/shop\/hydra-alien-auto-montagesystem\/"},"modified":"2026-04-14T07:31:57","modified_gmt":"2026-04-14T05:31:57","slug":"hydra-alien-car-mounting-system","status":"publish","type":"product","link":"https:\/\/eu.tilta.com\/de\/shop\/hydra-alien-car-mounting-system\/","title":{"rendered":"Hydra Alien Auto-Montagesystem"},"content":{"rendered":"<p><b>RS3 WARNUNG: Die neueste Generation des RS3 Gimbal ist NICHT mit der Sicherheitsbefestigung der Power Supple Baseplate kompatibel.<\/b><\/p>\n<p><b>Wir werden in den kommenden Wochen eine aktualisierte Tabelle zur Verf\u00fcgung stellen.  <\/b><\/p>\n<p>Das Hydra Alien Car Mounting System wurde von Grund auf f\u00fcr die Zusammenarbeit mit kleineren Gimbals entwickelt, um eine leichte L\u00f6sung f\u00fcr die Kameraf\u00fchrung im Auto zu erm\u00f6glichen.<\/p>\n<p>Das System verwendet eine hochgradig anpassbare Kombination aus schwalbenschwanz\u00e4hnlichen Platten und Saugn\u00e4pfen, die jeweils eine Nutzlast von 50 kg tragen k\u00f6nnen.<\/p>\n<p>Hochelastisches, sto\u00dfd\u00e4mpfendes Silikon sorgt f\u00fcr l\u00e4ngere Haltbarkeit und weniger Abrieb, w\u00e4hrend die aktualisierten Saugnapfstempel eine st\u00e4rkere Abdichtung f\u00fcr mehr Sicherheit bei k\u00e4lterem Wetter bieten.<\/p>\n<p>Wenn das System miteinander verbunden ist, kann der Benutzer die exakte Platzierung seiner Aufnahme feinabstimmen, um fast jeden m\u00f6glichen Winkel bei der Montage an einem Fahrzeug zu erreichen.<\/p>\n<p>Das System verwendet auch einen sto\u00dfd\u00e4mpfenden Arm, um die Kamera bei bestimmten Aufnahmen besser zu stabilisieren, sowie einen federbelasteten Wiegekopf, wenn die beabsichtigte Aufnahme erfordert, dass der Gimbal auf den Kopf gestellt wird.<\/p>\n<p>Der neu hinzugekommene hydraulische D\u00e4mpfungsstab stabilisiert den Arm zus\u00e4tzlich und sorgt so f\u00fcr noch bessere Ergebnisse, wenn die Fahrbedingungen nicht optimal sind.<\/p>\n<p>Der Hydra Alien unterst\u00fctzt die vollst\u00e4ndige kabellose Steuerung des RS2 und RS3 Pro \u00fcber das optionale <a href=\"https:\/\/de.tilta.com\/shop\/remote-control-kit-for-dji-ronin\/\">Remote Control Kit<\/a>, mit dem Sie die Einstellungen Ihres Gimbals sowie die Aufnahme- und Fotofunktionen Ihrer Kamera entweder \u00fcber eine kabelgebundene oder kabellose Verbindung steuern k\u00f6nnen.<\/p>\n<p>Au\u00dferdem verf\u00fcgt er \u00fcber einen Thumbstick, mit dem Sie das Schwenken und Neigen Ihres Gimbals steuern k\u00f6nnen, um maximale Pr\u00e4zision bei der Bedienung zu gew\u00e4hrleisten.<\/p>\n<p>Hoch, niedrig. An der Seite des Autos, auf dem Auto montiert &#8211; mit dem Hydra Alien Car Mounting System l\u00e4sst sich fast jede Aufnahme am Auto konfigurieren. Lassen Sie Ihrer Fantasie freien Lauf!<\/p>\n<p>*Dieses System ist kompatibel mit dem DJI RS2, RS3, RS3 Pro, Crane 3S, Ronin 4D und jedem anderen Gimbal, der \u00fcber 1\/4&#8243;-20 Schrauben montiert und \u00fcber P-Tap oder intern mit Strom versorgt werden kann*.<\/p>\n<p><strong>ACHTUNG: Wir raten davon ab, die Saugn\u00e4pfe an verpackten Fahrzeugen zu verwenden, da es bei direkter Sonneneinstrahlung und Hitze zu Saugproblemen kommen kann.<\/strong><\/p>\n","protected":false},"excerpt":{"rendered":"<p>RS3 WARNUNG: Die neueste Generation des RS3 Gimbal ist NICHT mit der Sicherheitsbefestigung der Power Supple Baseplate kompatibel. Wir werden in den kommenden Wochen eine aktualisierte Tabelle zur Verf\u00fcgung stellen. Das Hydra Alien Car Mounting System wurde von Grund auf [&hellip;]<\/p>\n","protected":false},"featured_media":1968366,"comment_status":"closed","ping_status":"closed","template":"","meta":[],"product_cat":[1138,1062],"product_tag":[],"acf":[],"gallery_images":[890643,890659,890663,890657,890665,890667,890669],"_links":{"self":[{"href":"https:\/\/eu.tilta.com\/de\/wp-json\/wp\/v2\/product\/1976038"}],"collection":[{"href":"https:\/\/eu.tilta.com\/de\/wp-json\/wp\/v2\/product"}],"about":[{"href":"https:\/\/eu.tilta.com\/de\/wp-json\/wp\/v2\/types\/product"}],"replies":[{"embeddable":true,"href":"https:\/\/eu.tilta.com\/de\/wp-json\/wp\/v2\/comments?post=1976038"}],"wp:featuredmedia":[{"embeddable":true,"href":"https:\/\/eu.tilta.com\/de\/wp-json\/wp\/v2\/media\/1968366"}],"wp:attachment":[{"href":"https:\/\/eu.tilta.com\/de\/wp-json\/wp\/v2\/media?parent=1976038"}],"wp:term":[{"taxonomy":"product_cat","embeddable":true,"href":"https:\/\/eu.tilta.com\/de\/wp-json\/wp\/v2\/product_cat?post=1976038"},{"taxonomy":"product_tag","embeddable":true,"href":"https:\/\/eu.tilta.com\/de\/wp-json\/wp\/v2\/product_tag?post=1976038"}],"curies":[{"name":"wp","href":"https:\/\/api.w.org\/{rel}","templated":true}]}}