{"id":1976042,"date":"2021-02-09T17:54:48","date_gmt":"2021-02-09T16:54:48","guid":{"rendered":"https:\/\/de.tilta.com\/shop\/hydra-alien-monitor-bracket\/"},"modified":"2025-12-05T12:27:05","modified_gmt":"2025-12-05T11:27:05","slug":"hydra-alien-monitor-bracket","status":"publish","type":"product","link":"https:\/\/eu.tilta.com\/de\/shop\/hydra-alien-monitor-bracket\/","title":{"rendered":"Hydra Alien Monitor Bracket"},"content":{"rendered":"<p>Mit der Hydra Alien Monitorhalterung k\u00f6nnen Sie Ihre Aufnahme m\u00fchelos \u00fcberwachen, Ihr Objektiv fokussieren und Ihren RS 2 Gimbal steuern &#8211; alles in einem ergonomischen, kompakten Setup.<\/p>\n<p>Die Halterung umfasst eine NATO-Schienenhalterung auf der linken Seite, die sowohl die Nucleus Nano Handeinheit als auch den kabellosen Zweikanal-Objektivsteuerungsgriff f\u00fcr den Advanced Ring Grip unterst\u00fctzt.<\/p>\n<p>Mit der Rosettenhalterung auf der rechten Seite k\u00f6nnen Sie den RS 2 Fernbedienungsgriff oder jeden anderen Griff montieren, der \u00fcber eine Rosette angeschlossen werden kann.<\/p>\n<p>Die Klemme in der Mitte erm\u00f6glicht es Ihnen, Ihr Smartphone oder einen kleinen Monitor mit einer H\u00f6he von 89 mm oder weniger zu befestigen.<\/p>\n<p>Eine integrierte V-Mount-Platte und 1\/4&#8243;-20 Gewinde erm\u00f6glichen die Montage und Stromversorgung von zus\u00e4tzlichem Zubeh\u00f6r.<\/p>\n","protected":false},"excerpt":{"rendered":"<p>Mit der Hydra Alien Monitorhalterung k\u00f6nnen Sie Ihre Aufnahme m\u00fchelos \u00fcberwachen, Ihr Objektiv fokussieren und Ihren RS 2 Gimbal steuern &#8211; alles in einem ergonomischen, kompakten Setup. Die Halterung umfasst eine NATO-Schienenhalterung auf der linken Seite, die sowohl die Nucleus [&hellip;]<\/p>\n","protected":false},"featured_media":1965322,"comment_status":"closed","ping_status":"closed","template":"","meta":[],"product_cat":[1047,1138,1062,1140,1211],"product_tag":[],"acf":[],"gallery_images":[1070808,979924,979925],"_links":{"self":[{"href":"https:\/\/eu.tilta.com\/de\/wp-json\/wp\/v2\/product\/1976042"}],"collection":[{"href":"https:\/\/eu.tilta.com\/de\/wp-json\/wp\/v2\/product"}],"about":[{"href":"https:\/\/eu.tilta.com\/de\/wp-json\/wp\/v2\/types\/product"}],"replies":[{"embeddable":true,"href":"https:\/\/eu.tilta.com\/de\/wp-json\/wp\/v2\/comments?post=1976042"}],"wp:featuredmedia":[{"embeddable":true,"href":"https:\/\/eu.tilta.com\/de\/wp-json\/wp\/v2\/media\/1965322"}],"wp:attachment":[{"href":"https:\/\/eu.tilta.com\/de\/wp-json\/wp\/v2\/media?parent=1976042"}],"wp:term":[{"taxonomy":"product_cat","embeddable":true,"href":"https:\/\/eu.tilta.com\/de\/wp-json\/wp\/v2\/product_cat?post=1976042"},{"taxonomy":"product_tag","embeddable":true,"href":"https:\/\/eu.tilta.com\/de\/wp-json\/wp\/v2\/product_tag?post=1976042"}],"curies":[{"name":"wp","href":"https:\/\/api.w.org\/{rel}","templated":true}]}}