{"id":1976045,"date":"2021-04-15T11:08:49","date_gmt":"2021-04-15T09:08:49","guid":{"rendered":"https:\/\/de.tilta.com\/shop\/hydra-alien-gold-mount-batterieplatte\/"},"modified":"2025-12-05T12:27:06","modified_gmt":"2025-12-05T11:27:06","slug":"hydra-alien-gold-mount-battery-plate","status":"publish","type":"product","link":"https:\/\/eu.tilta.com\/de\/shop\/hydra-alien-gold-mount-battery-plate\/","title":{"rendered":"Hydra Alien Gold Mount Batterieplatte"},"content":{"rendered":"<p>Diese Gold-Mount-Akkuplatte wird direkt an der Halterung f\u00fcr die Duale Akkuplatte f\u00fcr Hydra Alien befestigt.<\/p>\n<p>So k\u00f6nnen Sie Ihren Gimbal mit Gold-Mount-Akkus mit h\u00f6herer Kapazit\u00e4t betreiben, w\u00e4hrend er am Hydra Alien montiert ist.<\/p>\n<p>Diese Akkuplatte verf\u00fcgt \u00fcber mehrere P-Tap-, USB- und 12V\/8V DC-Stromausg\u00e4nge.<\/p>\n","protected":false},"excerpt":{"rendered":"<p>Diese Gold-Mount-Akkuplatte wird direkt an der Halterung f\u00fcr die Duale Akkuplatte f\u00fcr Hydra Alien befestigt. So k\u00f6nnen Sie Ihren Gimbal mit Gold-Mount-Akkus mit h\u00f6herer Kapazit\u00e4t betreiben, w\u00e4hrend er am Hydra Alien montiert ist. Diese Akkuplatte verf\u00fcgt \u00fcber mehrere P-Tap-, USB- [&hellip;]<\/p>\n","protected":false},"featured_media":1965699,"comment_status":"closed","ping_status":"closed","template":"","meta":[],"product_cat":[1138,1062,1140],"product_tag":[],"acf":[],"gallery_images":[1211270],"_links":{"self":[{"href":"https:\/\/eu.tilta.com\/de\/wp-json\/wp\/v2\/product\/1976045"}],"collection":[{"href":"https:\/\/eu.tilta.com\/de\/wp-json\/wp\/v2\/product"}],"about":[{"href":"https:\/\/eu.tilta.com\/de\/wp-json\/wp\/v2\/types\/product"}],"replies":[{"embeddable":true,"href":"https:\/\/eu.tilta.com\/de\/wp-json\/wp\/v2\/comments?post=1976045"}],"wp:featuredmedia":[{"embeddable":true,"href":"https:\/\/eu.tilta.com\/de\/wp-json\/wp\/v2\/media\/1965699"}],"wp:attachment":[{"href":"https:\/\/eu.tilta.com\/de\/wp-json\/wp\/v2\/media?parent=1976045"}],"wp:term":[{"taxonomy":"product_cat","embeddable":true,"href":"https:\/\/eu.tilta.com\/de\/wp-json\/wp\/v2\/product_cat?post=1976045"},{"taxonomy":"product_tag","embeddable":true,"href":"https:\/\/eu.tilta.com\/de\/wp-json\/wp\/v2\/product_tag?post=1976045"}],"curies":[{"name":"wp","href":"https:\/\/api.w.org\/{rel}","templated":true}]}}