{"id":1976219,"date":"2017-07-06T10:27:56","date_gmt":"2017-07-06T08:27:56","guid":{"rendered":"https:\/\/de.tilta.com\/shop\/schraubendreher-mit-mehreren-koepfen\/"},"modified":"2025-12-05T12:27:13","modified_gmt":"2025-12-05T11:27:13","slug":"multi-head-screwdriver","status":"publish","type":"product","link":"https:\/\/eu.tilta.com\/de\/shop\/multi-head-screwdriver\/","title":{"rendered":"Schraubendreher mit mehreren K\u00f6pfen"},"content":{"rendered":"<p>Mit diesem leichten und kompakten Mini-Schraubendreher mit umschaltbarem Kreuzschlitz- und Flachkopf-Bit k\u00f6nnen Sie Ihre Ausr\u00fcstung m\u00fchelos montieren und demontieren.<\/p>\n","protected":false},"excerpt":{"rendered":"<p>Mit diesem leichten und kompakten Mini-Schraubendreher mit umschaltbarem Kreuzschlitz- und Flachkopf-Bit k\u00f6nnen Sie Ihre Ausr\u00fcstung m\u00fchelos montieren und demontieren.<\/p>\n","protected":false},"featured_media":1958127,"comment_status":"closed","ping_status":"closed","template":"","meta":[],"product_cat":[1247,1192],"product_tag":[],"acf":[],"gallery_images":[],"_links":{"self":[{"href":"https:\/\/eu.tilta.com\/de\/wp-json\/wp\/v2\/product\/1976219"}],"collection":[{"href":"https:\/\/eu.tilta.com\/de\/wp-json\/wp\/v2\/product"}],"about":[{"href":"https:\/\/eu.tilta.com\/de\/wp-json\/wp\/v2\/types\/product"}],"replies":[{"embeddable":true,"href":"https:\/\/eu.tilta.com\/de\/wp-json\/wp\/v2\/comments?post=1976219"}],"wp:featuredmedia":[{"embeddable":true,"href":"https:\/\/eu.tilta.com\/de\/wp-json\/wp\/v2\/media\/1958127"}],"wp:attachment":[{"href":"https:\/\/eu.tilta.com\/de\/wp-json\/wp\/v2\/media?parent=1976219"}],"wp:term":[{"taxonomy":"product_cat","embeddable":true,"href":"https:\/\/eu.tilta.com\/de\/wp-json\/wp\/v2\/product_cat?post=1976219"},{"taxonomy":"product_tag","embeddable":true,"href":"https:\/\/eu.tilta.com\/de\/wp-json\/wp\/v2\/product_tag?post=1976219"}],"curies":[{"name":"wp","href":"https:\/\/api.w.org\/{rel}","templated":true}]}}