{"id":1976220,"date":"2017-08-03T14:19:21","date_gmt":"2017-08-03T12:19:21","guid":{"rendered":"https:\/\/de.tilta.com\/shop\/nucleus-m-wasserdichte-hartschalen-sicherheitstasche\/"},"modified":"2025-12-05T12:27:14","modified_gmt":"2025-12-05T11:27:14","slug":"nucleus-m-hard-shell-waterproof-safety-case","status":"publish","type":"product","link":"https:\/\/eu.tilta.com\/de\/shop\/nucleus-m-hard-shell-waterproof-safety-case\/","title":{"rendered":"Nucleus-M Wasserdichte Hartschalen-Sicherheitstasche"},"content":{"rendered":"<p>Sch\u00fctzen und bewahren Sie Ihr Nucleus-M: Wireless Lens Control System in dieser wasserdichten Sicherheitstasche im Reiseformat auf. Ma\u00dfgeschneiderte Schaumstoffausschnitte packen Ihr Nucleus-M Ger\u00e4t fest in die Tasche ein und sorgen so f\u00fcr maximalen Schutz und Tragbarkeit.<\/p>\n","protected":false},"excerpt":{"rendered":"<p>Sch\u00fctzen und bewahren Sie Ihr Nucleus-M: Wireless Lens Control System in dieser wasserdichten Sicherheitstasche im Reiseformat auf. Ma\u00dfgeschneiderte Schaumstoffausschnitte packen Ihr Nucleus-M Ger\u00e4t fest in die Tasche ein und sorgen so f\u00fcr maximalen Schutz und Tragbarkeit.<\/p>\n","protected":false},"featured_media":1959015,"comment_status":"closed","ping_status":"closed","template":"","meta":[],"product_cat":[1281],"product_tag":[],"acf":[],"gallery_images":[2596],"_links":{"self":[{"href":"https:\/\/eu.tilta.com\/de\/wp-json\/wp\/v2\/product\/1976220"}],"collection":[{"href":"https:\/\/eu.tilta.com\/de\/wp-json\/wp\/v2\/product"}],"about":[{"href":"https:\/\/eu.tilta.com\/de\/wp-json\/wp\/v2\/types\/product"}],"replies":[{"embeddable":true,"href":"https:\/\/eu.tilta.com\/de\/wp-json\/wp\/v2\/comments?post=1976220"}],"wp:featuredmedia":[{"embeddable":true,"href":"https:\/\/eu.tilta.com\/de\/wp-json\/wp\/v2\/media\/1959015"}],"wp:attachment":[{"href":"https:\/\/eu.tilta.com\/de\/wp-json\/wp\/v2\/media?parent=1976220"}],"wp:term":[{"taxonomy":"product_cat","embeddable":true,"href":"https:\/\/eu.tilta.com\/de\/wp-json\/wp\/v2\/product_cat?post=1976220"},{"taxonomy":"product_tag","embeddable":true,"href":"https:\/\/eu.tilta.com\/de\/wp-json\/wp\/v2\/product_tag?post=1976220"}],"curies":[{"name":"wp","href":"https:\/\/api.w.org\/{rel}","templated":true}]}}