{"id":1976221,"date":"2017-04-05T12:25:40","date_gmt":"2017-04-05T10:25:40","guid":{"rendered":"https:\/\/de.tilta.com\/shop\/250mm-follow-focus-peitsche\/"},"modified":"2025-12-05T12:27:14","modified_gmt":"2025-12-05T11:27:14","slug":"300mm-focus-whip-sw-t030-2","status":"publish","type":"product","link":"https:\/\/eu.tilta.com\/de\/shop\/300mm-focus-whip-sw-t030-2\/","title":{"rendered":"250mm Follow Focus Peitsche"},"content":{"rendered":"<p class=\"p1\">Bei beengten Platzverh\u00e4ltnissen oder in Situationen, in denen der Fokussierer den Kameramann bei der Bedienung behindert, k\u00f6nnen Sie diese 250-mm-Fokuspeitsche verwenden, um den Fokus in einem gewissen Abstand zum Handrad f\u00fcr den Follow-Focus zu ziehen.<\/p>\n","protected":false},"excerpt":{"rendered":"<p>Bei beengten Platzverh\u00e4ltnissen oder in Situationen, in denen der Fokussierer den Kameramann bei der Bedienung behindert, k\u00f6nnen Sie diese 250-mm-Fokuspeitsche verwenden, um den Fokus in einem gewissen Abstand zum Handrad f\u00fcr den Follow-Focus zu ziehen.<\/p>\n","protected":false},"featured_media":1959293,"comment_status":"closed","ping_status":"closed","template":"","meta":[],"product_cat":[1173,1350,1176],"product_tag":[1348],"acf":[],"gallery_images":[5247],"_links":{"self":[{"href":"https:\/\/eu.tilta.com\/de\/wp-json\/wp\/v2\/product\/1976221"}],"collection":[{"href":"https:\/\/eu.tilta.com\/de\/wp-json\/wp\/v2\/product"}],"about":[{"href":"https:\/\/eu.tilta.com\/de\/wp-json\/wp\/v2\/types\/product"}],"replies":[{"embeddable":true,"href":"https:\/\/eu.tilta.com\/de\/wp-json\/wp\/v2\/comments?post=1976221"}],"wp:featuredmedia":[{"embeddable":true,"href":"https:\/\/eu.tilta.com\/de\/wp-json\/wp\/v2\/media\/1959293"}],"wp:attachment":[{"href":"https:\/\/eu.tilta.com\/de\/wp-json\/wp\/v2\/media?parent=1976221"}],"wp:term":[{"taxonomy":"product_cat","embeddable":true,"href":"https:\/\/eu.tilta.com\/de\/wp-json\/wp\/v2\/product_cat?post=1976221"},{"taxonomy":"product_tag","embeddable":true,"href":"https:\/\/eu.tilta.com\/de\/wp-json\/wp\/v2\/product_tag?post=1976221"}],"curies":[{"name":"wp","href":"https:\/\/api.w.org\/{rel}","templated":true}]}}