{"id":1976222,"date":"2017-04-05T12:20:57","date_gmt":"2017-04-05T10:20:57","guid":{"rendered":"https:\/\/de.tilta.com\/shop\/folgen-sie-focus-speed-crank\/"},"modified":"2025-12-05T12:27:15","modified_gmt":"2025-12-05T11:27:15","slug":"speed-crank-focus-lever-fh-t03","status":"publish","type":"product","link":"https:\/\/eu.tilta.com\/de\/shop\/speed-crank-focus-lever-fh-t03\/","title":{"rendered":"Folgen Sie Focus Speed Crank"},"content":{"rendered":"<p class=\"p1\">Wenn Sie einen gro\u00dfen Fokussiervorgang durchf\u00fchren m\u00fcssen, befestigen Sie diese Kurbel an Ihrem Fokussierhandrad, damit Sie das Rad mit einer Handumdrehung \u00fcber eine viel gr\u00f6\u00dfere Distanz drehen k\u00f6nnen.<\/p>\n","protected":false},"excerpt":{"rendered":"<p>Wenn Sie einen gro\u00dfen Fokussiervorgang durchf\u00fchren m\u00fcssen, befestigen Sie diese Kurbel an Ihrem Fokussierhandrad, damit Sie das Rad mit einer Handumdrehung \u00fcber eine viel gr\u00f6\u00dfere Distanz drehen k\u00f6nnen.<\/p>\n","protected":false},"featured_media":1960084,"comment_status":"closed","ping_status":"closed","template":"","meta":[],"product_cat":[1173,1350,1176],"product_tag":[],"acf":[],"gallery_images":[42332],"_links":{"self":[{"href":"https:\/\/eu.tilta.com\/de\/wp-json\/wp\/v2\/product\/1976222"}],"collection":[{"href":"https:\/\/eu.tilta.com\/de\/wp-json\/wp\/v2\/product"}],"about":[{"href":"https:\/\/eu.tilta.com\/de\/wp-json\/wp\/v2\/types\/product"}],"replies":[{"embeddable":true,"href":"https:\/\/eu.tilta.com\/de\/wp-json\/wp\/v2\/comments?post=1976222"}],"wp:featuredmedia":[{"embeddable":true,"href":"https:\/\/eu.tilta.com\/de\/wp-json\/wp\/v2\/media\/1960084"}],"wp:attachment":[{"href":"https:\/\/eu.tilta.com\/de\/wp-json\/wp\/v2\/media?parent=1976222"}],"wp:term":[{"taxonomy":"product_cat","embeddable":true,"href":"https:\/\/eu.tilta.com\/de\/wp-json\/wp\/v2\/product_cat?post=1976222"},{"taxonomy":"product_tag","embeddable":true,"href":"https:\/\/eu.tilta.com\/de\/wp-json\/wp\/v2\/product_tag?post=1976222"}],"curies":[{"name":"wp","href":"https:\/\/api.w.org\/{rel}","templated":true}]}}