{"id":1976223,"date":"2018-10-01T11:44:07","date_gmt":"2018-10-01T09:44:07","guid":{"rendered":"https:\/\/de.tilta.com\/shop\/p-tap-auf-arri-alexa-mini-stromkabel\/"},"modified":"2026-02-16T09:00:23","modified_gmt":"2026-02-16T08:00:23","slug":"p-tap-to-8-pin-alexa-mini-power-cable","status":"publish","type":"product","link":"https:\/\/eu.tilta.com\/de\/shop\/p-tap-to-8-pin-alexa-mini-power-cable\/","title":{"rendered":"P-TAP auf ARRI Alexa Mini Stromkabel"},"content":{"rendered":"<p>Dieses P-Tap-Stromkabel f\u00fcr die ARRI Alexa Mini wurde f\u00fcr die Verwendung mit (wenn auch nicht ausschlie\u00dflich) der Tilta Universal Battery Plate entwickelt. Mit diesem Kabel k\u00f6nnen Sie eine ARRI Alexa Mini Kamera \u00fcber den 8-poligen Lemo-Stromeingang mit Strom versorgen, indem Sie dieses Kabel an einen P-Tap-Stromausgang anschlie\u00dfen.<\/p>\n","protected":false},"excerpt":{"rendered":"<p>Dieses P-Tap-Stromkabel f\u00fcr die ARRI Alexa Mini wurde f\u00fcr die Verwendung mit (wenn auch nicht ausschlie\u00dflich) der Tilta Universal Battery Plate entwickelt. Mit diesem Kabel k\u00f6nnen Sie eine ARRI Alexa Mini Kamera \u00fcber den 8-poligen Lemo-Stromeingang mit Strom versorgen, indem [&hellip;]<\/p>\n","protected":false},"featured_media":1959440,"comment_status":"closed","ping_status":"closed","template":"","meta":[],"product_cat":[4448,1240],"product_tag":[1317],"acf":[],"gallery_images":[],"_links":{"self":[{"href":"https:\/\/eu.tilta.com\/de\/wp-json\/wp\/v2\/product\/1976223"}],"collection":[{"href":"https:\/\/eu.tilta.com\/de\/wp-json\/wp\/v2\/product"}],"about":[{"href":"https:\/\/eu.tilta.com\/de\/wp-json\/wp\/v2\/types\/product"}],"replies":[{"embeddable":true,"href":"https:\/\/eu.tilta.com\/de\/wp-json\/wp\/v2\/comments?post=1976223"}],"wp:featuredmedia":[{"embeddable":true,"href":"https:\/\/eu.tilta.com\/de\/wp-json\/wp\/v2\/media\/1959440"}],"wp:attachment":[{"href":"https:\/\/eu.tilta.com\/de\/wp-json\/wp\/v2\/media?parent=1976223"}],"wp:term":[{"taxonomy":"product_cat","embeddable":true,"href":"https:\/\/eu.tilta.com\/de\/wp-json\/wp\/v2\/product_cat?post=1976223"},{"taxonomy":"product_tag","embeddable":true,"href":"https:\/\/eu.tilta.com\/de\/wp-json\/wp\/v2\/product_tag?post=1976223"}],"curies":[{"name":"wp","href":"https:\/\/api.w.org\/{rel}","templated":true}]}}