{"id":1976225,"date":"2018-05-19T03:16:17","date_gmt":"2018-05-19T01:16:17","guid":{"rendered":"https:\/\/de.tilta.com\/shop\/1-4-20-befestigungsschlitz-fuer-arri-standard-rosettenadapter\/"},"modified":"2025-12-05T12:27:16","modified_gmt":"2025-12-05T11:27:16","slug":"1-4-20-screw-mounting-slot-to-arri-standard-rosette-adapters","status":"publish","type":"product","link":"https:\/\/eu.tilta.com\/de\/shop\/1-4-20-screw-mounting-slot-to-arri-standard-rosette-adapters\/","title":{"rendered":"1\/4&#8243;-20 Befestigungsschlitz f\u00fcr Arri Standard Rosettenadapter"},"content":{"rendered":"<div class=\"overview-text\">\n<p>Diese Arri Standard-Rosettenanschl\u00fcsse werden an \u00bc&#8221;-20-Montageschlitzen befestigt, so dass Sie rosettenbasiertes Zubeh\u00f6r an einer Vielzahl von \u00bc&#8221;-20-basierten Oberfl\u00e4chen anbringen k\u00f6nnen, einschlie\u00dflich Kamerak\u00e4figen oder Monitork\u00e4figen, die nicht bereits \u00fcber Rosettenanschl\u00fcsse verf\u00fcgen.<\/p>\n<p>Zwei Adapter sind in diesem Paket enthalten.<\/p>\n<\/div>\n","protected":false},"excerpt":{"rendered":"<p>Diese Arri Standard-Rosettenanschl\u00fcsse werden an \u00bc&#8221;-20-Montageschlitzen befestigt, so dass Sie rosettenbasiertes Zubeh\u00f6r an einer Vielzahl von \u00bc&#8221;-20-basierten Oberfl\u00e4chen anbringen k\u00f6nnen, einschlie\u00dflich Kamerak\u00e4figen oder Monitork\u00e4figen, die nicht bereits \u00fcber Rosettenanschl\u00fcsse verf\u00fcgen. Zwei Adapter sind in diesem Paket enthalten.<\/p>\n","protected":false},"featured_media":1959102,"comment_status":"closed","ping_status":"closed","template":"","meta":[],"product_cat":[1281],"product_tag":[],"acf":[],"gallery_images":[],"_links":{"self":[{"href":"https:\/\/eu.tilta.com\/de\/wp-json\/wp\/v2\/product\/1976225"}],"collection":[{"href":"https:\/\/eu.tilta.com\/de\/wp-json\/wp\/v2\/product"}],"about":[{"href":"https:\/\/eu.tilta.com\/de\/wp-json\/wp\/v2\/types\/product"}],"replies":[{"embeddable":true,"href":"https:\/\/eu.tilta.com\/de\/wp-json\/wp\/v2\/comments?post=1976225"}],"wp:featuredmedia":[{"embeddable":true,"href":"https:\/\/eu.tilta.com\/de\/wp-json\/wp\/v2\/media\/1959102"}],"wp:attachment":[{"href":"https:\/\/eu.tilta.com\/de\/wp-json\/wp\/v2\/media?parent=1976225"}],"wp:term":[{"taxonomy":"product_cat","embeddable":true,"href":"https:\/\/eu.tilta.com\/de\/wp-json\/wp\/v2\/product_cat?post=1976225"},{"taxonomy":"product_tag","embeddable":true,"href":"https:\/\/eu.tilta.com\/de\/wp-json\/wp\/v2\/product_tag?post=1976225"}],"curies":[{"name":"wp","href":"https:\/\/api.w.org\/{rel}","templated":true}]}}