{"id":1976233,"date":"2018-11-27T22:24:39","date_gmt":"2018-11-27T21:24:39","guid":{"rendered":"https:\/\/de.tilta.com\/shop\/taktisches-schluesselband\/"},"modified":"2026-04-14T09:17:19","modified_gmt":"2026-04-14T07:17:19","slug":"tactical-lanyard","status":"publish","type":"product","link":"https:\/\/eu.tilta.com\/de\/shop\/tactical-lanyard\/","title":{"rendered":"Taktisches Schl\u00fcsselband"},"content":{"rendered":"<p>Dieses Trageband kann sowohl an den halben als auch an den vollen Kamerak\u00e4figen sowie direkt an Ihrem Kamerageh\u00e4use befestigt werden. Damit k\u00f6nnen Sie Ihre Kameraausr\u00fcstung bequem um den Hals tragen.<\/p>\n","protected":false},"excerpt":{"rendered":"<p>Dieses Trageband kann sowohl an den halben als auch an den vollen Kamerak\u00e4figen sowie direkt an Ihrem Kamerageh\u00e4use befestigt werden. Damit k\u00f6nnen Sie Ihre Kameraausr\u00fcstung bequem um den Hals tragen.<\/p>\n","protected":false},"featured_media":1959825,"comment_status":"closed","ping_status":"closed","template":"","meta":[],"product_cat":[1299],"product_tag":[],"acf":[],"gallery_images":[],"_links":{"self":[{"href":"https:\/\/eu.tilta.com\/de\/wp-json\/wp\/v2\/product\/1976233"}],"collection":[{"href":"https:\/\/eu.tilta.com\/de\/wp-json\/wp\/v2\/product"}],"about":[{"href":"https:\/\/eu.tilta.com\/de\/wp-json\/wp\/v2\/types\/product"}],"replies":[{"embeddable":true,"href":"https:\/\/eu.tilta.com\/de\/wp-json\/wp\/v2\/comments?post=1976233"}],"wp:featuredmedia":[{"embeddable":true,"href":"https:\/\/eu.tilta.com\/de\/wp-json\/wp\/v2\/media\/1959825"}],"wp:attachment":[{"href":"https:\/\/eu.tilta.com\/de\/wp-json\/wp\/v2\/media?parent=1976233"}],"wp:term":[{"taxonomy":"product_cat","embeddable":true,"href":"https:\/\/eu.tilta.com\/de\/wp-json\/wp\/v2\/product_cat?post=1976233"},{"taxonomy":"product_tag","embeddable":true,"href":"https:\/\/eu.tilta.com\/de\/wp-json\/wp\/v2\/product_tag?post=1976233"}],"curies":[{"name":"wp","href":"https:\/\/api.w.org\/{rel}","templated":true}]}}