{"id":1976254,"date":"2021-02-09T09:40:24","date_gmt":"2021-02-09T08:40:24","guid":{"rendered":"https:\/\/de.tilta.com\/shop\/schraubensatz-fuer-sony-a7siii\/"},"modified":"2025-12-05T12:27:31","modified_gmt":"2025-12-05T11:27:31","slug":"screw-kit-for-sony-a7siii","status":"publish","type":"product","link":"https:\/\/eu.tilta.com\/de\/shop\/screw-kit-for-sony-a7siii\/","title":{"rendered":"Schraubensatz f\u00fcr Sony a7siii"},"content":{"rendered":"<p><!--StartFragment--><span style=\"font-size: 13px\">Mit diesem Kit erhalten Sie Ersatz f\u00fcr alle kompatiblen Schrauben des Tiltaing-Kamerak\u00e4figs f\u00fcr Sony a7siii.<\/span><!--EndFragment--><\/p>\n","protected":false},"excerpt":{"rendered":"<p>Mit diesem Kit erhalten Sie Ersatz f\u00fcr alle kompatiblen Schrauben des Tiltaing-Kamerak\u00e4figs f\u00fcr Sony a7siii.<\/p>\n","protected":false},"featured_media":1963957,"comment_status":"closed","ping_status":"closed","template":"","meta":[],"product_cat":[1128,1192],"product_tag":[],"acf":[],"gallery_images":[],"_links":{"self":[{"href":"https:\/\/eu.tilta.com\/de\/wp-json\/wp\/v2\/product\/1976254"}],"collection":[{"href":"https:\/\/eu.tilta.com\/de\/wp-json\/wp\/v2\/product"}],"about":[{"href":"https:\/\/eu.tilta.com\/de\/wp-json\/wp\/v2\/types\/product"}],"replies":[{"embeddable":true,"href":"https:\/\/eu.tilta.com\/de\/wp-json\/wp\/v2\/comments?post=1976254"}],"wp:featuredmedia":[{"embeddable":true,"href":"https:\/\/eu.tilta.com\/de\/wp-json\/wp\/v2\/media\/1963957"}],"wp:attachment":[{"href":"https:\/\/eu.tilta.com\/de\/wp-json\/wp\/v2\/media?parent=1976254"}],"wp:term":[{"taxonomy":"product_cat","embeddable":true,"href":"https:\/\/eu.tilta.com\/de\/wp-json\/wp\/v2\/product_cat?post=1976254"},{"taxonomy":"product_tag","embeddable":true,"href":"https:\/\/eu.tilta.com\/de\/wp-json\/wp\/v2\/product_tag?post=1976254"}],"curies":[{"name":"wp","href":"https:\/\/api.w.org\/{rel}","templated":true}]}}