{"id":1976256,"date":"2023-02-10T09:17:53","date_gmt":"2023-02-10T08:17:53","guid":{"rendered":"https:\/\/de.tilta.com\/shop\/tilta-baseballkappe-schwarz\/"},"modified":"2026-04-15T03:50:12","modified_gmt":"2026-04-15T01:50:12","slug":"tilta-baseball-cap-black","status":"publish","type":"product","link":"https:\/\/eu.tilta.com\/de\/shop\/tilta-baseball-cap-black\/","title":{"rendered":"Tilta Baseballkappe &#8211; Schwarz"},"content":{"rendered":"<p><em>Die Tilta Baseballkappe ist aus hochwertigen Materialien gefertigt und f\u00fcr eine lange Lebensdauer konzipiert.<\/em><\/p>\n<p>Diese M\u00fctze ist das perfekte Accessoire f\u00fcr jede Gelegenheit im Freien, egal ob Sie eine Kamera bedienen oder sich einfach nur im Freien aufhalten.<\/p>\n<p>Die Kappe hat ein klassisches, vom Baseball inspiriertes Design mit einem gebogenen Schirm und einem verstellbaren Riemen auf der R\u00fcckseite, der einen bequemen und sicheren Sitz f\u00fcr alle Kopfgr\u00f6\u00dfen gew\u00e4hrleistet.<\/p>\n<p>Die Tilta Baseballkappe ist aus leichtem und atmungsaktivem Stoff gefertigt und damit perfekt f\u00fcr hei\u00dfe und sonnige Tage.<\/p>\n<p>Die schwarze Farbe der Kappe macht sie vielseitig und leicht mit jedem Outfit kombinierbar, w\u00e4hrend das dezente Tilta-Logo auf der Vorderseite einen Hauch von Stil verleiht.<\/p>\n<p>Ob Sie am Set sind, eine Wanderung machen oder einfach nur den Tag genie\u00dfen, die Tilta Baseballkappe ist ein unverzichtbares Accessoire f\u00fcr alle, die k\u00fchl und gesch\u00fctzt bleiben und dabei gut aussehen wollen!<\/p>\n","protected":false},"excerpt":{"rendered":"<p>Die Tilta Baseballkappe ist aus hochwertigen Materialien gefertigt und f\u00fcr eine lange Lebensdauer konzipiert. Diese M\u00fctze ist das perfekte Accessoire f\u00fcr jede Gelegenheit im Freien, egal ob Sie eine Kamera bedienen oder sich einfach nur im Freien aufhalten. Die Kappe [&hellip;]<\/p>\n","protected":false},"featured_media":1969529,"comment_status":"closed","ping_status":"closed","template":"","meta":[],"product_cat":[4493,1254,884],"product_tag":[],"acf":[],"gallery_images":[1969530,1969531,1969532,1969533],"_links":{"self":[{"href":"https:\/\/eu.tilta.com\/de\/wp-json\/wp\/v2\/product\/1976256"}],"collection":[{"href":"https:\/\/eu.tilta.com\/de\/wp-json\/wp\/v2\/product"}],"about":[{"href":"https:\/\/eu.tilta.com\/de\/wp-json\/wp\/v2\/types\/product"}],"replies":[{"embeddable":true,"href":"https:\/\/eu.tilta.com\/de\/wp-json\/wp\/v2\/comments?post=1976256"}],"wp:featuredmedia":[{"embeddable":true,"href":"https:\/\/eu.tilta.com\/de\/wp-json\/wp\/v2\/media\/1969529"}],"wp:attachment":[{"href":"https:\/\/eu.tilta.com\/de\/wp-json\/wp\/v2\/media?parent=1976256"}],"wp:term":[{"taxonomy":"product_cat","embeddable":true,"href":"https:\/\/eu.tilta.com\/de\/wp-json\/wp\/v2\/product_cat?post=1976256"},{"taxonomy":"product_tag","embeddable":true,"href":"https:\/\/eu.tilta.com\/de\/wp-json\/wp\/v2\/product_tag?post=1976256"}],"curies":[{"name":"wp","href":"https:\/\/api.w.org\/{rel}","templated":true}]}}