{"id":1976265,"date":"2020-12-21T16:44:31","date_gmt":"2020-12-21T15:44:31","guid":{"rendered":"https:\/\/de.tilta.com\/shop\/goldmontierte-batterieplatte-fuer-dual-handle-power-supply-bracket\/"},"modified":"2025-12-05T12:27:32","modified_gmt":"2025-12-05T11:27:32","slug":"gold-mount-battery-plate-for-dual-handle-power-supply-bracket","status":"publish","type":"product","link":"https:\/\/eu.tilta.com\/de\/shop\/gold-mount-battery-plate-for-dual-handle-power-supply-bracket\/","title":{"rendered":"Goldmontierte Batterieplatte f\u00fcr Dual Handle Power Supply Bracket"},"content":{"rendered":"<p><span style=\"font-weight: 400;\">Diese Goldmount-Akkuplatte wird direkt am Dual Handle Power Supply Bracket f\u00fcr RS2 befestigt und erm\u00f6glicht es Ihnen, Ihren Gimbal mit Goldmount-Akkus h\u00f6herer Kapazit\u00e4t ohne externe Kabel zu betreiben.<\/span><\/p>\n<p>*Es gibt keine Stromausg\u00e4nge auf der Platte selbst*.<\/p>\n","protected":false},"excerpt":{"rendered":"<p>Diese Goldmount-Akkuplatte wird direkt am Dual Handle Power Supply Bracket f\u00fcr RS2 befestigt und erm\u00f6glicht es Ihnen, Ihren Gimbal mit Goldmount-Akkus h\u00f6herer Kapazit\u00e4t ohne externe Kabel zu betreiben. *Es gibt keine Stromausg\u00e4nge auf der Platte selbst*.<\/p>\n","protected":false},"featured_media":1963339,"comment_status":"closed","ping_status":"closed","template":"","meta":[],"product_cat":[1047,1077],"product_tag":[],"acf":[],"gallery_images":[889060],"_links":{"self":[{"href":"https:\/\/eu.tilta.com\/de\/wp-json\/wp\/v2\/product\/1976265"}],"collection":[{"href":"https:\/\/eu.tilta.com\/de\/wp-json\/wp\/v2\/product"}],"about":[{"href":"https:\/\/eu.tilta.com\/de\/wp-json\/wp\/v2\/types\/product"}],"replies":[{"embeddable":true,"href":"https:\/\/eu.tilta.com\/de\/wp-json\/wp\/v2\/comments?post=1976265"}],"wp:featuredmedia":[{"embeddable":true,"href":"https:\/\/eu.tilta.com\/de\/wp-json\/wp\/v2\/media\/1963339"}],"wp:attachment":[{"href":"https:\/\/eu.tilta.com\/de\/wp-json\/wp\/v2\/media?parent=1976265"}],"wp:term":[{"taxonomy":"product_cat","embeddable":true,"href":"https:\/\/eu.tilta.com\/de\/wp-json\/wp\/v2\/product_cat?post=1976265"},{"taxonomy":"product_tag","embeddable":true,"href":"https:\/\/eu.tilta.com\/de\/wp-json\/wp\/v2\/product_tag?post=1976265"}],"curies":[{"name":"wp","href":"https:\/\/api.w.org\/{rel}","templated":true}]}}