{"id":1976268,"date":"2021-02-04T10:34:46","date_gmt":"2021-02-04T09:34:46","guid":{"rendered":"https:\/\/de.tilta.com\/shop\/remote-control-kit-for-dji-ronin\/"},"modified":"2025-12-05T12:27:32","modified_gmt":"2025-12-05T11:27:32","slug":"remote-control-kit-for-dji-ronin","status":"publish","type":"product","link":"https:\/\/eu.tilta.com\/de\/shop\/remote-control-kit-for-dji-ronin\/","title":{"rendered":"Remote Control Kit for DJI Ronin"},"content":{"rendered":"<p>Mit diesem Fernbedienungs-Kit k\u00f6nnen Sie die Gimbal-Einstellungen Ihres DJI RS2 oder RS3\/4 Pro sowie die Aufnahme- und Fotofunktionen Ihrer Kamera entweder \u00fcber eine kabelgebundene oder drahtlose Verbindung steuern.<\/p>\n<p>Au\u00dferdem verf\u00fcgt er \u00fcber einen Thumbstick, mit dem Sie das Schwenken und Neigen Ihres Gimbals steuern k\u00f6nnen, um maximale Pr\u00e4zision bei der Bedienung zu gew\u00e4hrleisten.<\/p>\n<p>Die Stromversorgungs-Basisplatte versorgt den RS2 oder RS3\/4 Pro \u00fcber Gold- oder V-Mount-Batterien und ein mitgeliefertes P-Tap-auf-2-Pin-Stromkabel mit Strom. Mit den 1\/4\u2033-20 und 3\/8\u2033-16 Gewinden an der Unterseite der Basisplatte k\u00f6nnen Sie den Gimbal an viele verschiedene Systeme montieren, darunter auch den Hydra Alien.<\/p>\n<p>Mit dem drahtlosen Empf\u00e4ngermodul kann der Handgriff den RS2 oder RS3\/4 Pro in einer Entfernung von bis zu 80 Metern steuern. Die Rosette an der Basis des Handgriffs erm\u00f6glicht es Ihnen, ihn an verschiedenen Rosettenanschl\u00fcssen zu befestigen, einschlie\u00dflich der optionalen Hydra Alien Monitorhalterung.<\/p>\n<p>*Der Fernbedienungsgriff ben\u00f6tigt eine Sony F570\/550 Batterie zur Stromversorgung, die nicht im Lieferumfang enthalten ist*.<\/p>\n<p><strong>RS3\/RS3 Pro: Die M-Taste ist NICHT in der Lage, die Funktion des Gimbals zu imitieren. Mit der Taste M auf diesem Ger\u00e4t k\u00f6nnen Sie NUR die Moduseinstellung \u00e4ndern.<\/strong><\/p>\n<p>&nbsp;<\/p>\n","protected":false},"excerpt":{"rendered":"<p>Mit diesem Fernbedienungs-Kit k\u00f6nnen Sie die Gimbal-Einstellungen Ihres DJI RS2 oder RS3\/4 Pro sowie die Aufnahme- und Fotofunktionen Ihrer Kamera entweder \u00fcber eine kabelgebundene oder drahtlose Verbindung steuern. Au\u00dferdem verf\u00fcgt er \u00fcber einen Thumbstick, mit dem Sie das Schwenken und [&hellip;]<\/p>\n","protected":false},"featured_media":1965226,"comment_status":"closed","ping_status":"closed","template":"","meta":[],"product_cat":[1138,1139,1062,1140],"product_tag":[],"acf":[],"gallery_images":[1062733],"_links":{"self":[{"href":"https:\/\/eu.tilta.com\/de\/wp-json\/wp\/v2\/product\/1976268"}],"collection":[{"href":"https:\/\/eu.tilta.com\/de\/wp-json\/wp\/v2\/product"}],"about":[{"href":"https:\/\/eu.tilta.com\/de\/wp-json\/wp\/v2\/types\/product"}],"replies":[{"embeddable":true,"href":"https:\/\/eu.tilta.com\/de\/wp-json\/wp\/v2\/comments?post=1976268"}],"wp:featuredmedia":[{"embeddable":true,"href":"https:\/\/eu.tilta.com\/de\/wp-json\/wp\/v2\/media\/1965226"}],"wp:attachment":[{"href":"https:\/\/eu.tilta.com\/de\/wp-json\/wp\/v2\/media?parent=1976268"}],"wp:term":[{"taxonomy":"product_cat","embeddable":true,"href":"https:\/\/eu.tilta.com\/de\/wp-json\/wp\/v2\/product_cat?post=1976268"},{"taxonomy":"product_tag","embeddable":true,"href":"https:\/\/eu.tilta.com\/de\/wp-json\/wp\/v2\/product_tag?post=1976268"}],"curies":[{"name":"wp","href":"https:\/\/api.w.org\/{rel}","templated":true}]}}