{"id":1976270,"date":"2021-12-09T14:30:59","date_gmt":"2021-12-09T13:30:59","guid":{"rendered":"https:\/\/de.tilta.com\/shop\/nukleus-nanomotor-bausatz-ii\/"},"modified":"2025-12-05T12:27:33","modified_gmt":"2025-12-05T11:27:33","slug":"nucleus-nano-motor-kit-ii","status":"publish","type":"product","link":"https:\/\/eu.tilta.com\/de\/shop\/nucleus-nano-motor-kit-ii\/","title":{"rendered":"Nukleus-Nanomotor-Bausatz II"},"content":{"rendered":"<p>Das Nucleus Nano Motor Kit II ist die perfekte Erg\u00e4nzung zu Ihrem Side Focus Handle oder eine kosteng\u00fcnstige M\u00f6glichkeit, einen zus\u00e4tzlichen Motor zu Ihrem Nucleus M Kit hinzuzuf\u00fcgen.<\/p>\n<p>Dieses Kit enth\u00e4lt den Nucleus Nano Motor, ein Micro-USB-auf-Micro-USB-Stromkabel, einen kleinen 15-mm-Stab und einen Follow-Focus-Zahnring f\u00fcr Fotoobjektive.<\/p>\n<p>Der Nucleus Nano Motor ist \u00fcber das 0,8-fache Getriebe mit den meisten Cine-Objektiven kompatibel und das mitgelieferte Fotoobjektivgetriebe erm\u00f6glicht die Anpassung der meisten Objektive an den Nano.<\/p>\n<p>Der Nano-Motor zeichnet sich durch geringe Ger\u00e4uschentwicklung und ein beeindruckendes Drehmoment f\u00fcr seine Gr\u00f6\u00dfe aus. Er kann superschnelle Fokussiervorg\u00e4nge mit leiser Pr\u00e4zision durchf\u00fchren!<\/p>\n<p>Der Motor hat eine Eingangstoleranz von 5-18 V f\u00fcr die Stromversorgung \u00fcber einen Micro-USB-Anschluss und verf\u00fcgt \u00fcber ein h\u00f6heres Drehmoment, wenn er \u00fcber das optionale Kabel von einer h\u00f6heren Spannungsquelle wie P-Tap versorgt wird.<\/p>\n<p>Der Nano Motor verf\u00fcgt \u00fcber einen eigenen eingebauten Motorantrieb, der direkt mit dem Nano Handwheel Controller, dem Nucleus M FIZ, den Griffen oder den Seitenfokusgriffen kommuniziert.<\/p>\n<p>Stellen Sie einfach den Nano Motor und den Nano Handrad Controller auf denselben Kanal und Sie haben die volle Kontrolle. Die kabellose Reichweite des Nano Handrad Controllers und des Nano Motors betr\u00e4gt 300 Fu\u00df!<\/p>\n<p>Der Motor erm\u00f6glicht die automatische Kalibrierung des Objektivs sowie die manuelle Kalibrierung bei der Verwendung von Objektiven, die keine festen Endanschl\u00e4ge bei Nahfokus und Unendlich haben, indem A-B-Grenzen eingestellt werden.<\/p>\n<p>Jeder Motor hat ein \u00d6ffnungsverh\u00e4ltnis von 0,8, was die Standardgr\u00f6\u00dfe f\u00fcr die meisten Kinoobjektive ist. Das Drehmoment des Nucleus Nano Motors betr\u00e4gt 0,65 N-m bei 5,5 V und 1 N-m bei 14,8 V.<\/p>\n<p>Schlie\u00dflich kann der Nano-Motor \u00fcber verschiedene Kabel, die wir f\u00fcr das System anbieten, eine Run\/Stop-Funktion f\u00fcr zahlreiche Kamerasysteme bieten.<\/p>\n<p><strong>HINWEIS: Die Verwendung von R\/S Kabeln mit Holzgriffen ist f\u00fcr den Nucleus-M oder Nucleus-Nano nicht sicher.<\/strong><\/p>\n<p><strong>Verwenden Sie nur Kabel, die wir exklusiv f\u00fcr das Nucleus Nano System entwickelt haben.<\/strong><\/p>\n","protected":false},"excerpt":{"rendered":"<p>Das Nucleus Nano Motor Kit II ist die perfekte Erg\u00e4nzung zu Ihrem Side Focus Handle oder eine kosteng\u00fcnstige M\u00f6glichkeit, einen zus\u00e4tzlichen Motor zu Ihrem Nucleus M Kit hinzuzuf\u00fcgen. Dieses Kit enth\u00e4lt den Nucleus Nano Motor, ein Micro-USB-auf-Micro-USB-Stromkabel, einen kleinen 15-mm-Stab [&hellip;]<\/p>\n","protected":false},"featured_media":1961994,"comment_status":"closed","ping_status":"closed","template":"","meta":[],"product_cat":[1294],"product_tag":[],"acf":[],"gallery_images":[1959082,1966425,1969099],"_links":{"self":[{"href":"https:\/\/eu.tilta.com\/de\/wp-json\/wp\/v2\/product\/1976270"}],"collection":[{"href":"https:\/\/eu.tilta.com\/de\/wp-json\/wp\/v2\/product"}],"about":[{"href":"https:\/\/eu.tilta.com\/de\/wp-json\/wp\/v2\/types\/product"}],"replies":[{"embeddable":true,"href":"https:\/\/eu.tilta.com\/de\/wp-json\/wp\/v2\/comments?post=1976270"}],"wp:featuredmedia":[{"embeddable":true,"href":"https:\/\/eu.tilta.com\/de\/wp-json\/wp\/v2\/media\/1961994"}],"wp:attachment":[{"href":"https:\/\/eu.tilta.com\/de\/wp-json\/wp\/v2\/media?parent=1976270"}],"wp:term":[{"taxonomy":"product_cat","embeddable":true,"href":"https:\/\/eu.tilta.com\/de\/wp-json\/wp\/v2\/product_cat?post=1976270"},{"taxonomy":"product_tag","embeddable":true,"href":"https:\/\/eu.tilta.com\/de\/wp-json\/wp\/v2\/product_tag?post=1976270"}],"curies":[{"name":"wp","href":"https:\/\/api.w.org\/{rel}","templated":true}]}}