{"id":1976272,"date":"2020-01-31T10:34:53","date_gmt":"2020-01-31T09:34:53","guid":{"rendered":"https:\/\/de.tilta.com\/shop\/armorman-3-0-support-cup\/"},"modified":"2025-12-05T12:27:34","modified_gmt":"2025-12-05T11:27:34","slug":"armorman-3-0-support-cup","status":"publish","type":"product","link":"https:\/\/eu.tilta.com\/de\/shop\/armorman-3-0-support-cup\/","title":{"rendered":"Armorman 3.0 Support Cup"},"content":{"rendered":"<p>Wenn Sie einen Gimbal mit oberer Stange haben, erm\u00f6glichen die Armor Man 3.0 Support Cups eine einfache L\u00f6sung, um Ihren Gimbal an den mechanischen Armen des Armor Man 3.0 zu befestigen und zu l\u00f6sen, w\u00e4hrend sich diese in der unteren Betriebsposition befinden. Wenn Sie den Armor Man am Gimbal befestigen m\u00f6chten, setzen Sie einfach die Seitenarme des Gimbals in die St\u00fctzschalen ein und fassen Sie die Arme dann wieder wie gewohnt an, um den Betrieb zu starten. Wenn Sie den Betrieb einstellen m\u00f6chten, docken Sie einfach den Gimbal an, greifen Sie die St\u00fctzschalen und l\u00f6sen Sie sie von den Griffen.<\/p>\n","protected":false},"excerpt":{"rendered":"<p>Wenn Sie einen Gimbal mit oberer Stange haben, erm\u00f6glichen die Armor Man 3.0 Support Cups eine einfache L\u00f6sung, um Ihren Gimbal an den mechanischen Armen des Armor Man 3.0 zu befestigen und zu l\u00f6sen, w\u00e4hrend sich diese in der unteren [&hellip;]<\/p>\n","protected":false},"featured_media":1960896,"comment_status":"closed","ping_status":"closed","template":"","meta":[],"product_cat":[1468],"product_tag":[],"acf":[],"gallery_images":[1960897,1960898],"_links":{"self":[{"href":"https:\/\/eu.tilta.com\/de\/wp-json\/wp\/v2\/product\/1976272"}],"collection":[{"href":"https:\/\/eu.tilta.com\/de\/wp-json\/wp\/v2\/product"}],"about":[{"href":"https:\/\/eu.tilta.com\/de\/wp-json\/wp\/v2\/types\/product"}],"replies":[{"embeddable":true,"href":"https:\/\/eu.tilta.com\/de\/wp-json\/wp\/v2\/comments?post=1976272"}],"wp:featuredmedia":[{"embeddable":true,"href":"https:\/\/eu.tilta.com\/de\/wp-json\/wp\/v2\/media\/1960896"}],"wp:attachment":[{"href":"https:\/\/eu.tilta.com\/de\/wp-json\/wp\/v2\/media?parent=1976272"}],"wp:term":[{"taxonomy":"product_cat","embeddable":true,"href":"https:\/\/eu.tilta.com\/de\/wp-json\/wp\/v2\/product_cat?post=1976272"},{"taxonomy":"product_tag","embeddable":true,"href":"https:\/\/eu.tilta.com\/de\/wp-json\/wp\/v2\/product_tag?post=1976272"}],"curies":[{"name":"wp","href":"https:\/\/api.w.org\/{rel}","templated":true}]}}