{"id":1976273,"date":"2020-01-31T10:20:06","date_gmt":"2020-01-31T09:20:06","guid":{"rendered":"https:\/\/de.tilta.com\/shop\/armorman-3-0-overhead-konfiguration-kabelzug\/"},"modified":"2025-12-05T12:27:34","modified_gmt":"2025-12-05T11:27:34","slug":"armorman-3-0-overhead-configuration-cable-pulley","status":"publish","type":"product","link":"https:\/\/eu.tilta.com\/de\/shop\/armorman-3-0-overhead-configuration-cable-pulley\/","title":{"rendered":"Armorman 3.0 Overhead Konfiguration Kabelzug"},"content":{"rendered":"<p>Dieser Flaschenzug wird auf die mechanischen Arme des Armorman 3.0 geschoben, wenn Sie die \u00dcberkopfkonfiguration verwenden. Damit k\u00f6nnen Sie an jedem Arm ein ausziehbares Bungee-Seil befestigen, an dem Sie Ihren Gimbal \u00fcber Ihrer Kameraaufstellung festhalten und st\u00fctzen k\u00f6nnen.<\/p>\n","protected":false},"excerpt":{"rendered":"<p>Dieser Flaschenzug wird auf die mechanischen Arme des Armorman 3.0 geschoben, wenn Sie die \u00dcberkopfkonfiguration verwenden. Damit k\u00f6nnen Sie an jedem Arm ein ausziehbares Bungee-Seil befestigen, an dem Sie Ihren Gimbal \u00fcber Ihrer Kameraaufstellung festhalten und st\u00fctzen k\u00f6nnen.<\/p>\n","protected":false},"featured_media":1960890,"comment_status":"closed","ping_status":"closed","template":"","meta":[],"product_cat":[1468],"product_tag":[],"acf":[],"gallery_images":[320241,320246],"_links":{"self":[{"href":"https:\/\/eu.tilta.com\/de\/wp-json\/wp\/v2\/product\/1976273"}],"collection":[{"href":"https:\/\/eu.tilta.com\/de\/wp-json\/wp\/v2\/product"}],"about":[{"href":"https:\/\/eu.tilta.com\/de\/wp-json\/wp\/v2\/types\/product"}],"replies":[{"embeddable":true,"href":"https:\/\/eu.tilta.com\/de\/wp-json\/wp\/v2\/comments?post=1976273"}],"wp:featuredmedia":[{"embeddable":true,"href":"https:\/\/eu.tilta.com\/de\/wp-json\/wp\/v2\/media\/1960890"}],"wp:attachment":[{"href":"https:\/\/eu.tilta.com\/de\/wp-json\/wp\/v2\/media?parent=1976273"}],"wp:term":[{"taxonomy":"product_cat","embeddable":true,"href":"https:\/\/eu.tilta.com\/de\/wp-json\/wp\/v2\/product_cat?post=1976273"},{"taxonomy":"product_tag","embeddable":true,"href":"https:\/\/eu.tilta.com\/de\/wp-json\/wp\/v2\/product_tag?post=1976273"}],"curies":[{"name":"wp","href":"https:\/\/api.w.org\/{rel}","templated":true}]}}