{"id":1976276,"date":"2020-01-31T10:42:20","date_gmt":"2020-01-31T09:42:20","guid":{"rendered":"https:\/\/de.tilta.com\/shop\/armorman-3-0-universal-kardanring-adapterklemme\/"},"modified":"2025-12-05T12:27:36","modified_gmt":"2025-12-05T11:27:36","slug":"armorman-3-0-universal-gimbal-ring-adapter-clamp","status":"publish","type":"product","link":"https:\/\/eu.tilta.com\/de\/shop\/armorman-3-0-universal-gimbal-ring-adapter-clamp\/","title":{"rendered":"Armorman 3.0 Universal-Kardanring-Adapterklemme"},"content":{"rendered":"<p>Wenn Sie einen ringbasierten Gimbal haben, erm\u00f6glichen die Universal Gimbal Ring Adapter Clamps eine einfache L\u00f6sung zum schnellen Anbringen und Abnehmen Ihres Gimbals an den mechanischen Armen des Armor Man 3.0 im normalen Betriebsmodus. Die Klemmen werden an beiden Seiten des Kardanrings befestigt. Nachdem die Adapter an den Armen des Armor Man angebracht wurden, kann der Bediener die Arme einfach mit den Klemmen am Kardanring verbinden und loslegen. Wenn Sie den Gimbal abnehmen m\u00f6chten, dr\u00fccken Sie die Schnellverschlusskn\u00f6pfe der Adapter ein, um sie von den Klemmen zu l\u00f6sen.<\/p>\n","protected":false},"excerpt":{"rendered":"<p>Wenn Sie einen ringbasierten Gimbal haben, erm\u00f6glichen die Universal Gimbal Ring Adapter Clamps eine einfache L\u00f6sung zum schnellen Anbringen und Abnehmen Ihres Gimbals an den mechanischen Armen des Armor Man 3.0 im normalen Betriebsmodus. Die Klemmen werden an beiden Seiten [&hellip;]<\/p>\n","protected":false},"featured_media":1960899,"comment_status":"closed","ping_status":"closed","template":"","meta":[],"product_cat":[1468],"product_tag":[],"acf":[],"gallery_images":[320951],"_links":{"self":[{"href":"https:\/\/eu.tilta.com\/de\/wp-json\/wp\/v2\/product\/1976276"}],"collection":[{"href":"https:\/\/eu.tilta.com\/de\/wp-json\/wp\/v2\/product"}],"about":[{"href":"https:\/\/eu.tilta.com\/de\/wp-json\/wp\/v2\/types\/product"}],"replies":[{"embeddable":true,"href":"https:\/\/eu.tilta.com\/de\/wp-json\/wp\/v2\/comments?post=1976276"}],"wp:featuredmedia":[{"embeddable":true,"href":"https:\/\/eu.tilta.com\/de\/wp-json\/wp\/v2\/media\/1960899"}],"wp:attachment":[{"href":"https:\/\/eu.tilta.com\/de\/wp-json\/wp\/v2\/media?parent=1976276"}],"wp:term":[{"taxonomy":"product_cat","embeddable":true,"href":"https:\/\/eu.tilta.com\/de\/wp-json\/wp\/v2\/product_cat?post=1976276"},{"taxonomy":"product_tag","embeddable":true,"href":"https:\/\/eu.tilta.com\/de\/wp-json\/wp\/v2\/product_tag?post=1976276"}],"curies":[{"name":"wp","href":"https:\/\/api.w.org\/{rel}","templated":true}]}}