{"id":1976277,"date":"2020-01-30T13:39:46","date_gmt":"2020-01-30T12:39:46","guid":{"rendered":"https:\/\/de.tilta.com\/shop\/armorman-3-0-taillenstuetze\/"},"modified":"2025-12-05T12:27:36","modified_gmt":"2025-12-05T11:27:36","slug":"armorman-3-0-waist-support","status":"publish","type":"product","link":"https:\/\/eu.tilta.com\/de\/shop\/armorman-3-0-waist-support\/","title":{"rendered":"Armorman 3.0 Taillenst\u00fctze"},"content":{"rendered":"<p>Diese Taillenst\u00fctze wird an der Armorman 3.0 Weste befestigt und dient als Hauptst\u00fctze f\u00fcr die Weste, die das Gewicht der Armorman 3.0 und des Gimbal\/Kamera-Setups auf den Mittelteil des Bedieners verlagert. Die Polsterung um die Taillenst\u00fctze herum sorgt f\u00fcr maximalen Komfort und ein verstellbarer Gurt erm\u00f6glicht die Anpassung der St\u00fctze an jeden K\u00f6rpertyp.<\/p>\n","protected":false},"excerpt":{"rendered":"<p>Diese Taillenst\u00fctze wird an der Armorman 3.0 Weste befestigt und dient als Hauptst\u00fctze f\u00fcr die Weste, die das Gewicht der Armorman 3.0 und des Gimbal\/Kamera-Setups auf den Mittelteil des Bedieners verlagert. Die Polsterung um die Taillenst\u00fctze herum sorgt f\u00fcr maximalen [&hellip;]<\/p>\n","protected":false},"featured_media":1960882,"comment_status":"closed","ping_status":"closed","template":"","meta":[],"product_cat":[1468],"product_tag":[],"acf":[],"gallery_images":[],"_links":{"self":[{"href":"https:\/\/eu.tilta.com\/de\/wp-json\/wp\/v2\/product\/1976277"}],"collection":[{"href":"https:\/\/eu.tilta.com\/de\/wp-json\/wp\/v2\/product"}],"about":[{"href":"https:\/\/eu.tilta.com\/de\/wp-json\/wp\/v2\/types\/product"}],"replies":[{"embeddable":true,"href":"https:\/\/eu.tilta.com\/de\/wp-json\/wp\/v2\/comments?post=1976277"}],"wp:featuredmedia":[{"embeddable":true,"href":"https:\/\/eu.tilta.com\/de\/wp-json\/wp\/v2\/media\/1960882"}],"wp:attachment":[{"href":"https:\/\/eu.tilta.com\/de\/wp-json\/wp\/v2\/media?parent=1976277"}],"wp:term":[{"taxonomy":"product_cat","embeddable":true,"href":"https:\/\/eu.tilta.com\/de\/wp-json\/wp\/v2\/product_cat?post=1976277"},{"taxonomy":"product_tag","embeddable":true,"href":"https:\/\/eu.tilta.com\/de\/wp-json\/wp\/v2\/product_tag?post=1976277"}],"curies":[{"name":"wp","href":"https:\/\/api.w.org\/{rel}","templated":true}]}}