{"id":1976278,"date":"2020-01-30T13:49:16","date_gmt":"2020-01-30T12:49:16","guid":{"rendered":"https:\/\/de.tilta.com\/shop\/armorman-3-0-wasserdichter-sicherheitskoffer\/"},"modified":"2025-12-05T12:27:37","modified_gmt":"2025-12-05T11:27:37","slug":"armorman-3-0-waterproof-safety-case","status":"publish","type":"product","link":"https:\/\/eu.tilta.com\/de\/shop\/armorman-3-0-waterproof-safety-case\/","title":{"rendered":"Armorman 3.0 Wasserdichter Sicherheitskoffer"},"content":{"rendered":"<p>Sch\u00fctzen und bewahren Sie Ihren Armor Man 3.0 mit diesem wasserdichten, rollenden Sicherheitskoffer in Reisegr\u00f6\u00dfe auf. Ma\u00dfgeschneiderte Schaumstoffausschnitte packen Ihre Weste und zwei sto\u00dfabsorbierende, stabilisierte Arme fest in die Tasche ein und sorgen so f\u00fcr maximalen Schutz und Tragbarkeit.<\/p>\n","protected":false},"excerpt":{"rendered":"<p>Sch\u00fctzen und bewahren Sie Ihren Armor Man 3.0 mit diesem wasserdichten, rollenden Sicherheitskoffer in Reisegr\u00f6\u00dfe auf. Ma\u00dfgeschneiderte Schaumstoffausschnitte packen Ihre Weste und zwei sto\u00dfabsorbierende, stabilisierte Arme fest in die Tasche ein und sorgen so f\u00fcr maximalen Schutz und Tragbarkeit.<\/p>\n","protected":false},"featured_media":1960883,"comment_status":"closed","ping_status":"closed","template":"","meta":[],"product_cat":[1468],"product_tag":[],"acf":[],"gallery_images":[],"_links":{"self":[{"href":"https:\/\/eu.tilta.com\/de\/wp-json\/wp\/v2\/product\/1976278"}],"collection":[{"href":"https:\/\/eu.tilta.com\/de\/wp-json\/wp\/v2\/product"}],"about":[{"href":"https:\/\/eu.tilta.com\/de\/wp-json\/wp\/v2\/types\/product"}],"replies":[{"embeddable":true,"href":"https:\/\/eu.tilta.com\/de\/wp-json\/wp\/v2\/comments?post=1976278"}],"wp:featuredmedia":[{"embeddable":true,"href":"https:\/\/eu.tilta.com\/de\/wp-json\/wp\/v2\/media\/1960883"}],"wp:attachment":[{"href":"https:\/\/eu.tilta.com\/de\/wp-json\/wp\/v2\/media?parent=1976278"}],"wp:term":[{"taxonomy":"product_cat","embeddable":true,"href":"https:\/\/eu.tilta.com\/de\/wp-json\/wp\/v2\/product_cat?post=1976278"},{"taxonomy":"product_tag","embeddable":true,"href":"https:\/\/eu.tilta.com\/de\/wp-json\/wp\/v2\/product_tag?post=1976278"}],"curies":[{"name":"wp","href":"https:\/\/api.w.org\/{rel}","templated":true}]}}