{"id":1976279,"date":"2020-01-31T10:07:54","date_gmt":"2020-01-31T09:07:54","guid":{"rendered":"https:\/\/de.tilta.com\/shop\/armorman-3-0-universal-kardanring-adapter\/"},"modified":"2025-12-05T12:27:37","modified_gmt":"2025-12-05T11:27:37","slug":"armorman-3-0-universal-gimbal-ring-adapter","status":"publish","type":"product","link":"https:\/\/eu.tilta.com\/de\/shop\/armorman-3-0-universal-gimbal-ring-adapter\/","title":{"rendered":"Armorman 3.0 Universal-Kardanring-Adapter"},"content":{"rendered":"<p>Wenn Sie einen ringbasierten Gimbal haben, erm\u00f6glichen Ihnen die Universal Gimbal Ring Adapter eine einfache L\u00f6sung zum schnellen Anbringen und Abnehmen Ihres Gimbals an den mechanischen Armen des Armor Man 3.0. Diese schwalbenschwanzf\u00f6rmigen Adapter lassen sich auf jeden Arm des Armor Man aufstecken und dann an den Universal Gimbal Ring Adapter Clamps befestigen, um Ihre Gimbals zu unterst\u00fctzen. Wenn Sie den Armor Man am Gimbal befestigen m\u00f6chten, verbinden Sie die Arme einfach mit den voreingestellten Klemmen am Gimbal, um den Betrieb zu starten. Wenn Sie den Gimbal wieder abnehmen m\u00f6chten, dr\u00fccken Sie die Schnellverschlusskn\u00f6pfe der Adapter, um sie von den Klemmen zu l\u00f6sen.<\/p>\n","protected":false},"excerpt":{"rendered":"<p>Wenn Sie einen ringbasierten Gimbal haben, erm\u00f6glichen Ihnen die Universal Gimbal Ring Adapter eine einfache L\u00f6sung zum schnellen Anbringen und Abnehmen Ihres Gimbals an den mechanischen Armen des Armor Man 3.0. Diese schwalbenschwanzf\u00f6rmigen Adapter lassen sich auf jeden Arm des [&hellip;]<\/p>\n","protected":false},"featured_media":1960884,"comment_status":"closed","ping_status":"closed","template":"","meta":[],"product_cat":[1468],"product_tag":[],"acf":[],"gallery_images":[318876,318881],"_links":{"self":[{"href":"https:\/\/eu.tilta.com\/de\/wp-json\/wp\/v2\/product\/1976279"}],"collection":[{"href":"https:\/\/eu.tilta.com\/de\/wp-json\/wp\/v2\/product"}],"about":[{"href":"https:\/\/eu.tilta.com\/de\/wp-json\/wp\/v2\/types\/product"}],"replies":[{"embeddable":true,"href":"https:\/\/eu.tilta.com\/de\/wp-json\/wp\/v2\/comments?post=1976279"}],"wp:featuredmedia":[{"embeddable":true,"href":"https:\/\/eu.tilta.com\/de\/wp-json\/wp\/v2\/media\/1960884"}],"wp:attachment":[{"href":"https:\/\/eu.tilta.com\/de\/wp-json\/wp\/v2\/media?parent=1976279"}],"wp:term":[{"taxonomy":"product_cat","embeddable":true,"href":"https:\/\/eu.tilta.com\/de\/wp-json\/wp\/v2\/product_cat?post=1976279"},{"taxonomy":"product_tag","embeddable":true,"href":"https:\/\/eu.tilta.com\/de\/wp-json\/wp\/v2\/product_tag?post=1976279"}],"curies":[{"name":"wp","href":"https:\/\/api.w.org\/{rel}","templated":true}]}}