{"id":1976280,"date":"2020-01-30T13:25:06","date_gmt":"2020-01-30T12:25:06","guid":{"rendered":"https:\/\/de.tilta.com\/shop\/armorman-3-0-stuetzweste\/"},"modified":"2025-12-05T12:27:38","modified_gmt":"2025-12-05T11:27:38","slug":"armorman-3-0-support-vest","status":"publish","type":"product","link":"https:\/\/eu.tilta.com\/de\/shop\/armorman-3-0-support-vest\/","title":{"rendered":"Armorman 3.0 St\u00fctzweste"},"content":{"rendered":"<p>Die Armorman 3.0 St\u00fctzweste ist der wichtigste Teil des St\u00fctzsystems. Die mechanischen Arme werden entweder an der R\u00fcckseite der Weste f\u00fcr die normale Konfiguration oder \u00fcber der St\u00fctze f\u00fcr die \u00dcberkopfkonfiguration befestigt. Ausl\u00f6sekabel h\u00e4ngen \u00fcber die Vorderseite der Weste, damit der Bediener die Spannung der Arme l\u00f6sen kann, wenn sie sich in der verriegelten Position befinden. Die Polsterung rund um die Weste sorgt f\u00fcr maximalen Komfort und die verstellbaren Tr\u00e4ger erm\u00f6glichen die Anpassung der Weste an jeden K\u00f6rpertyp.<\/p>\n","protected":false},"excerpt":{"rendered":"<p>Die Armorman 3.0 St\u00fctzweste ist der wichtigste Teil des St\u00fctzsystems. Die mechanischen Arme werden entweder an der R\u00fcckseite der Weste f\u00fcr die normale Konfiguration oder \u00fcber der St\u00fctze f\u00fcr die \u00dcberkopfkonfiguration befestigt. Ausl\u00f6sekabel h\u00e4ngen \u00fcber die Vorderseite der Weste, damit [&hellip;]<\/p>\n","protected":false},"featured_media":1960879,"comment_status":"closed","ping_status":"closed","template":"","meta":[],"product_cat":[1468],"product_tag":[],"acf":[],"gallery_images":[1960880],"_links":{"self":[{"href":"https:\/\/eu.tilta.com\/de\/wp-json\/wp\/v2\/product\/1976280"}],"collection":[{"href":"https:\/\/eu.tilta.com\/de\/wp-json\/wp\/v2\/product"}],"about":[{"href":"https:\/\/eu.tilta.com\/de\/wp-json\/wp\/v2\/types\/product"}],"replies":[{"embeddable":true,"href":"https:\/\/eu.tilta.com\/de\/wp-json\/wp\/v2\/comments?post=1976280"}],"wp:featuredmedia":[{"embeddable":true,"href":"https:\/\/eu.tilta.com\/de\/wp-json\/wp\/v2\/media\/1960879"}],"wp:attachment":[{"href":"https:\/\/eu.tilta.com\/de\/wp-json\/wp\/v2\/media?parent=1976280"}],"wp:term":[{"taxonomy":"product_cat","embeddable":true,"href":"https:\/\/eu.tilta.com\/de\/wp-json\/wp\/v2\/product_cat?post=1976280"},{"taxonomy":"product_tag","embeddable":true,"href":"https:\/\/eu.tilta.com\/de\/wp-json\/wp\/v2\/product_tag?post=1976280"}],"curies":[{"name":"wp","href":"https:\/\/api.w.org\/{rel}","templated":true}]}}