{"id":1976281,"date":"2020-01-30T13:18:10","date_gmt":"2020-01-30T12:18:10","guid":{"rendered":"https:\/\/de.tilta.com\/shop\/armorman-3-0-ueberkopf-konfigurationsaufsatz\/"},"modified":"2025-12-05T12:27:38","modified_gmt":"2025-12-05T11:27:38","slug":"armorman-3-0-overhead-configuration-attachment","status":"publish","type":"product","link":"https:\/\/eu.tilta.com\/de\/shop\/armorman-3-0-overhead-configuration-attachment\/","title":{"rendered":"Armorman 3.0 \u00dcberkopf-Konfigurationsaufsatz"},"content":{"rendered":"<p>Dieser Aufsatz wird am oberen Teil des R\u00fcckens der Armorman 3.0 Weste befestigt, damit Sie die mechanischen Arme in die \u00dcberkopfkonfiguration bringen k\u00f6nnen.<\/p>\n","protected":false},"excerpt":{"rendered":"<p>Dieser Aufsatz wird am oberen Teil des R\u00fcckens der Armorman 3.0 Weste befestigt, damit Sie die mechanischen Arme in die \u00dcberkopfkonfiguration bringen k\u00f6nnen.<\/p>\n","protected":false},"featured_media":1960878,"comment_status":"closed","ping_status":"closed","template":"","meta":[],"product_cat":[1468],"product_tag":[],"acf":[],"gallery_images":[],"_links":{"self":[{"href":"https:\/\/eu.tilta.com\/de\/wp-json\/wp\/v2\/product\/1976281"}],"collection":[{"href":"https:\/\/eu.tilta.com\/de\/wp-json\/wp\/v2\/product"}],"about":[{"href":"https:\/\/eu.tilta.com\/de\/wp-json\/wp\/v2\/types\/product"}],"replies":[{"embeddable":true,"href":"https:\/\/eu.tilta.com\/de\/wp-json\/wp\/v2\/comments?post=1976281"}],"wp:featuredmedia":[{"embeddable":true,"href":"https:\/\/eu.tilta.com\/de\/wp-json\/wp\/v2\/media\/1960878"}],"wp:attachment":[{"href":"https:\/\/eu.tilta.com\/de\/wp-json\/wp\/v2\/media?parent=1976281"}],"wp:term":[{"taxonomy":"product_cat","embeddable":true,"href":"https:\/\/eu.tilta.com\/de\/wp-json\/wp\/v2\/product_cat?post=1976281"},{"taxonomy":"product_tag","embeddable":true,"href":"https:\/\/eu.tilta.com\/de\/wp-json\/wp\/v2\/product_tag?post=1976281"}],"curies":[{"name":"wp","href":"https:\/\/api.w.org\/{rel}","templated":true}]}}